{"id":3419,"date":"2021-06-20T22:31:14","date_gmt":"2021-06-20T22:31:14","guid":{"rendered":"http:\/\/mennur.com.tr\/?page_id=3419"},"modified":"2021-07-07T08:43:20","modified_gmt":"2021-07-07T08:43:20","slug":"referanslarimiz","status":"publish","type":"page","link":"https:\/\/mennur.com.tr\/index.php\/referanslarimiz\/","title":{"rendered":"Referanslar\u0131m\u0131z"},"content":{"rendered":"\t\t<div data-elementor-type=\"wp-post\" data-elementor-id=\"3419\" class=\"elementor elementor-3419\" data-elementor-settings=\"[]\">\n\t\t\t\t\t\t\t<div class=\"elementor-section-wrap\">\n\t\t\t\t\t\t\t<section class=\"elementor-section elementor-top-section elementor-element elementor-element-8c39fce elementor-section-content-middle elementor-section-boxed elementor-section-height-default elementor-section-height-default\" data-id=\"8c39fce\" data-element_type=\"section\" data-settings=\"{&quot;background_background&quot;:&quot;classic&quot;,&quot;_ha_eqh_enable&quot;:false}\">\n\t\t\t\t\t\t\t<div class=\"elementor-background-overlay\"><\/div>\n\t\t\t\t\t\t\t<div class=\"elementor-container elementor-column-gap-no\">\n\t\t\t\t\t<div class=\"elementor-column elementor-col-100 elementor-top-column elementor-element elementor-element-b1952b1\" data-id=\"b1952b1\" data-element_type=\"column\">\n\t\t\t<div class=\"elementor-widget-wrap elementor-element-populated\">\n\t\t\t\t\t\t\t\t<div class=\"elementor-element elementor-element-03b93f0 elementor-widget elementor-widget-heading\" data-id=\"03b93f0\" data-element_type=\"widget\" data-widget_type=\"heading.default\">\n\t\t\t\t<div class=\"elementor-widget-container\">\n\t\t\t<h1 class=\"elementor-heading-title elementor-size-default\">\u0130\u015f Ortaklar\u0131m\u0131z<\/h1>\t\t<\/div>\n\t\t\t\t<\/div>\n\t\t\t\t\t<\/div>\n\t\t<\/div>\n\t\t\t\t\t\t\t<\/div>\n\t\t<\/section>\n\t\t\t\t<section class=\"elementor-section elementor-top-section elementor-element elementor-element-d28c655 elementor-section-full_width elementor-section-height-default elementor-section-height-default\" data-id=\"d28c655\" data-element_type=\"section\" data-settings=\"{&quot;_ha_eqh_enable&quot;:false}\">\n\t\t\t\t\t\t<div class=\"elementor-container elementor-column-gap-default\">\n\t\t\t\t\t<div class=\"elementor-column elementor-col-100 elementor-top-column elementor-element elementor-element-997bde8\" data-id=\"997bde8\" data-element_type=\"column\" data-settings=\"{&quot;background_background&quot;:&quot;classic&quot;}\">\n\t\t\t<div class=\"elementor-widget-wrap elementor-element-populated\">\n\t\t\t\t\t\t\t\t<section class=\"elementor-section elementor-inner-section elementor-element elementor-element-83b3443 elementor-section-full_width elementor-section-content-middle elementor-section-height-default elementor-section-height-default\" data-id=\"83b3443\" data-element_type=\"section\" data-settings=\"{&quot;_ha_eqh_enable&quot;:false}\">\n\t\t\t\t\t\t<div class=\"elementor-container elementor-column-gap-no\">\n\t\t\t\t\t<div class=\"elementor-column elementor-col-100 elementor-inner-column elementor-element elementor-element-fe6e6ed\" data-id=\"fe6e6ed\" data-element_type=\"column\" data-settings=\"{&quot;background_background&quot;:&quot;classic&quot;}\">\n\t\t\t<div class=\"elementor-widget-wrap elementor-element-populated\">\n\t\t\t\t\t\t\t\t<div class=\"elementor-element elementor-element-2a5a40c elementor-widget-divider--view-line elementor-widget elementor-widget-divider\" data-id=\"2a5a40c\" data-element_type=\"widget\" data-widget_type=\"divider.default\">\n\t\t\t\t<div class=\"elementor-widget-container\">\n\t\t\t\t\t<div class=\"elementor-divider\">\n\t\t\t<span class=\"elementor-divider-separator\">\n\t\t\t\t\t\t<\/span>\n\t\t<\/div>\n\t\t\t\t<\/div>\n\t\t\t\t<\/div>\n\t\t\t\t<div class=\"elementor-element elementor-element-ccb1e63 elementor-widget elementor-widget-heading\" data-id=\"ccb1e63\" data-element_type=\"widget\" data-widget_type=\"heading.default\">\n\t\t\t\t<div class=\"elementor-widget-container\">\n\t\t\t<h2 class=\"elementor-heading-title elementor-size-default\">\u0130\u015f Ortaklar\u0131m\u0131z<\/h2>\t\t<\/div>\n\t\t\t\t<\/div>\n\t\t\t\t<div class=\"elementor-element elementor-element-0b11c11 ha-logo-grid--col-4 ha-logo-grid--box ha-logo-grid--col--tablet2 ha-logo-grid--col--mobile2 elementor-widget elementor-widget-ha-logo-grid happy-addon ha-logo-grid\" data-id=\"0b11c11\" data-element_type=\"widget\" data-widget_type=\"ha-logo-grid.default\">\n\t\t\t\t<div class=\"elementor-widget-container\">\n\t\t\t\n        <div class=\"ha-logo-grid-wrapper\">\n                            <a class=\"ha-logo-grid-item ha-logo-grid-link\" href=\"#\" target=\"_blank\" rel=\"nofollow\">\n                    <figure class=\"ha-logo-grid-figure\">\n                    <img loading=\"lazy\" decoding=\"async\" width=\"500\" height=\"311\" src=\"https:\/\/mennur.com.tr\/wp-content\/uploads\/2021\/06\/referanslar_0000_unnamed.png\" class=\"ha-logo-grid-img elementor-animation-\" alt=\"\" srcset=\"https:\/\/mennur.com.tr\/wp-content\/uploads\/2021\/06\/referanslar_0000_unnamed.png 500w, https:\/\/mennur.com.tr\/wp-content\/uploads\/2021\/06\/referanslar_0000_unnamed-300x187.png 300w\" sizes=\"auto, (max-width: 500px) 100vw, 500px\" \/>                    <\/figure>\n                <\/a>\n                            <a class=\"ha-logo-grid-item ha-logo-grid-link\" href=\"#\" target=\"_blank\" rel=\"nofollow\">\n                    <figure class=\"ha-logo-grid-figure\">\n                    <img loading=\"lazy\" decoding=\"async\" width=\"500\" height=\"311\" src=\"https:\/\/mennur.com.tr\/wp-content\/uploads\/2021\/06\/referanslar_0001_unnamed-1.png\" class=\"ha-logo-grid-img elementor-animation-\" alt=\"\" srcset=\"https:\/\/mennur.com.tr\/wp-content\/uploads\/2021\/06\/referanslar_0001_unnamed-1.png 500w, https:\/\/mennur.com.tr\/wp-content\/uploads\/2021\/06\/referanslar_0001_unnamed-1-300x187.png 300w\" sizes=\"auto, (max-width: 500px) 100vw, 500px\" \/>                    <\/figure>\n                <\/a>\n                            <a class=\"ha-logo-grid-item ha-logo-grid-link\" href=\"#\" target=\"_blank\" rel=\"nofollow\">\n                    <figure class=\"ha-logo-grid-figure\">\n                    <img loading=\"lazy\" decoding=\"async\" width=\"500\" height=\"311\" src=\"https:\/\/mennur.com.tr\/wp-content\/uploads\/2021\/06\/referanslar_0002_point-hotel-taksim-logo.png\" class=\"ha-logo-grid-img elementor-animation-\" alt=\"\" srcset=\"https:\/\/mennur.com.tr\/wp-content\/uploads\/2021\/06\/referanslar_0002_point-hotel-taksim-logo.png 500w, https:\/\/mennur.com.tr\/wp-content\/uploads\/2021\/06\/referanslar_0002_point-hotel-taksim-logo-300x187.png 300w\" sizes=\"auto, (max-width: 500px) 100vw, 500px\" \/>                    <\/figure>\n                <\/a>\n                            <a class=\"ha-logo-grid-item ha-logo-grid-link\" href=\"#\" target=\"_blank\" rel=\"nofollow\">\n                    <figure class=\"ha-logo-grid-figure\">\n                    <img loading=\"lazy\" decoding=\"async\" width=\"500\" height=\"311\" src=\"https:\/\/mennur.com.tr\/wp-content\/uploads\/2021\/06\/referanslar_0003_ozsut-cafe.png\" class=\"ha-logo-grid-img elementor-animation-\" alt=\"\" srcset=\"https:\/\/mennur.com.tr\/wp-content\/uploads\/2021\/06\/referanslar_0003_ozsut-cafe.png 500w, https:\/\/mennur.com.tr\/wp-content\/uploads\/2021\/06\/referanslar_0003_ozsut-cafe-300x187.png 300w\" sizes=\"auto, (max-width: 500px) 100vw, 500px\" \/>                    <\/figure>\n                <\/a>\n                            <a class=\"ha-logo-grid-item ha-logo-grid-link\" href=\"#\" target=\"_blank\" rel=\"nofollow\">\n                    <figure class=\"ha-logo-grid-figure\">\n                    <img loading=\"lazy\" decoding=\"async\" width=\"500\" height=\"311\" src=\"https:\/\/mennur.com.tr\/wp-content\/uploads\/2021\/06\/referanslar_0004_m-venpick-hotels-resorts-m-venpick-hotel-doha-movenpick-hotel-dubai-png-favpng-W3Lmwqf0dAXEJDnygcnjbMBs.png\" class=\"ha-logo-grid-img elementor-animation-\" alt=\"\" srcset=\"https:\/\/mennur.com.tr\/wp-content\/uploads\/2021\/06\/referanslar_0004_m-venpick-hotels-resorts-m-venpick-hotel-doha-movenpick-hotel-dubai-png-favpng-W3Lmwqf0dAXEJDnygcnjbMBs.png 500w, https:\/\/mennur.com.tr\/wp-content\/uploads\/2021\/06\/referanslar_0004_m-venpick-hotels-resorts-m-venpick-hotel-doha-movenpick-hotel-dubai-png-favpng-W3Lmwqf0dAXEJDnygcnjbMBs-300x187.png 300w\" sizes=\"auto, (max-width: 500px) 100vw, 500px\" \/>                    <\/figure>\n                <\/a>\n                            <a class=\"ha-logo-grid-item ha-logo-grid-link\" href=\"#\" target=\"_blank\" rel=\"nofollow\">\n                    <figure class=\"ha-logo-grid-figure\">\n                    <img loading=\"lazy\" decoding=\"async\" width=\"500\" height=\"311\" src=\"https:\/\/mennur.com.tr\/wp-content\/uploads\/2021\/06\/referanslar_0005_logo.png\" class=\"ha-logo-grid-img elementor-animation-\" alt=\"\" srcset=\"https:\/\/mennur.com.tr\/wp-content\/uploads\/2021\/06\/referanslar_0005_logo.png 500w, https:\/\/mennur.com.tr\/wp-content\/uploads\/2021\/06\/referanslar_0005_logo-300x187.png 300w\" sizes=\"auto, (max-width: 500px) 100vw, 500px\" \/>                    <\/figure>\n                <\/a>\n                            <a class=\"ha-logo-grid-item ha-logo-grid-link\" href=\"#\" target=\"_blank\" rel=\"nofollow\">\n                    <figure class=\"ha-logo-grid-figure\">\n                    <img loading=\"lazy\" decoding=\"async\" width=\"500\" height=\"311\" src=\"https:\/\/mennur.com.tr\/wp-content\/uploads\/2021\/06\/referanslar_0006_Lbs91651_400x400.png\" class=\"ha-logo-grid-img elementor-animation-\" alt=\"\" srcset=\"https:\/\/mennur.com.tr\/wp-content\/uploads\/2021\/06\/referanslar_0006_Lbs91651_400x400.png 500w, https:\/\/mennur.com.tr\/wp-content\/uploads\/2021\/06\/referanslar_0006_Lbs91651_400x400-300x187.png 300w\" sizes=\"auto, (max-width: 500px) 100vw, 500px\" \/>                    <\/figure>\n                <\/a>\n                            <a class=\"ha-logo-grid-item ha-logo-grid-link\" href=\"#\" target=\"_blank\" rel=\"nofollow\">\n                    <figure class=\"ha-logo-grid-figure\">\n                    <img loading=\"lazy\" decoding=\"async\" width=\"500\" height=\"311\" src=\"https:\/\/mennur.com.tr\/wp-content\/uploads\/2021\/06\/referanslar_0007_indir.png\" class=\"ha-logo-grid-img elementor-animation-\" alt=\"\" srcset=\"https:\/\/mennur.com.tr\/wp-content\/uploads\/2021\/06\/referanslar_0007_indir.png 500w, https:\/\/mennur.com.tr\/wp-content\/uploads\/2021\/06\/referanslar_0007_indir-300x187.png 300w\" sizes=\"auto, (max-width: 500px) 100vw, 500px\" \/>                    <\/figure>\n                <\/a>\n                            <a class=\"ha-logo-grid-item ha-logo-grid-link\" href=\"#\" target=\"_blank\" rel=\"nofollow\">\n                    <figure class=\"ha-logo-grid-figure\">\n                    <img loading=\"lazy\" decoding=\"async\" width=\"500\" height=\"311\" src=\"https:\/\/mennur.com.tr\/wp-content\/uploads\/2021\/06\/referanslar_0008_indir-1.png\" class=\"ha-logo-grid-img elementor-animation-\" alt=\"\" srcset=\"https:\/\/mennur.com.tr\/wp-content\/uploads\/2021\/06\/referanslar_0008_indir-1.png 500w, https:\/\/mennur.com.tr\/wp-content\/uploads\/2021\/06\/referanslar_0008_indir-1-300x187.png 300w\" sizes=\"auto, (max-width: 500px) 100vw, 500px\" \/>                    <\/figure>\n                <\/a>\n                            <a class=\"ha-logo-grid-item ha-logo-grid-link\" href=\"#\" target=\"_blank\" rel=\"nofollow\">\n                    <figure class=\"ha-logo-grid-figure\">\n                    <img loading=\"lazy\" decoding=\"async\" width=\"500\" height=\"311\" src=\"https:\/\/mennur.com.tr\/wp-content\/uploads\/2021\/06\/referanslar_0009_images.png\" class=\"ha-logo-grid-img elementor-animation-\" alt=\"\" srcset=\"https:\/\/mennur.com.tr\/wp-content\/uploads\/2021\/06\/referanslar_0009_images.png 500w, https:\/\/mennur.com.tr\/wp-content\/uploads\/2021\/06\/referanslar_0009_images-300x187.png 300w\" sizes=\"auto, (max-width: 500px) 100vw, 500px\" \/>                    <\/figure>\n                <\/a>\n                            <a class=\"ha-logo-grid-item ha-logo-grid-link\" href=\"#\" target=\"_blank\" rel=\"nofollow\">\n                    <figure class=\"ha-logo-grid-figure\">\n                    <img loading=\"lazy\" decoding=\"async\" width=\"500\" height=\"311\" src=\"https:\/\/mennur.com.tr\/wp-content\/uploads\/2021\/06\/referanslar_0010_Firma_logo_97277.png\" class=\"ha-logo-grid-img elementor-animation-\" alt=\"\" srcset=\"https:\/\/mennur.com.tr\/wp-content\/uploads\/2021\/06\/referanslar_0010_Firma_logo_97277.png 500w, https:\/\/mennur.com.tr\/wp-content\/uploads\/2021\/06\/referanslar_0010_Firma_logo_97277-300x187.png 300w\" sizes=\"auto, (max-width: 500px) 100vw, 500px\" \/>                    <\/figure>\n                <\/a>\n                            <a class=\"ha-logo-grid-item ha-logo-grid-link\" href=\"#\" target=\"_blank\" rel=\"nofollow\">\n                    <figure class=\"ha-logo-grid-figure\">\n                    <img loading=\"lazy\" decoding=\"async\" width=\"500\" height=\"311\" src=\"https:\/\/mennur.com.tr\/wp-content\/uploads\/2021\/06\/referanslar_0011_Crown_Hotels_2751_tcm373-1374882.png\" class=\"ha-logo-grid-img elementor-animation-\" alt=\"\" srcset=\"https:\/\/mennur.com.tr\/wp-content\/uploads\/2021\/06\/referanslar_0011_Crown_Hotels_2751_tcm373-1374882.png 500w, https:\/\/mennur.com.tr\/wp-content\/uploads\/2021\/06\/referanslar_0011_Crown_Hotels_2751_tcm373-1374882-300x187.png 300w\" sizes=\"auto, (max-width: 500px) 100vw, 500px\" \/>                    <\/figure>\n                <\/a>\n                            <a class=\"ha-logo-grid-item ha-logo-grid-link\" href=\"#\" target=\"_blank\" rel=\"nofollow\">\n                    <figure class=\"ha-logo-grid-figure\">\n                    <img loading=\"lazy\" decoding=\"async\" width=\"500\" height=\"311\" src=\"https:\/\/mennur.com.tr\/wp-content\/uploads\/2021\/06\/referanslar_0012_ankamar.png\" class=\"ha-logo-grid-img elementor-animation-\" alt=\"\" srcset=\"https:\/\/mennur.com.tr\/wp-content\/uploads\/2021\/06\/referanslar_0012_ankamar.png 500w, https:\/\/mennur.com.tr\/wp-content\/uploads\/2021\/06\/referanslar_0012_ankamar-300x187.png 300w\" sizes=\"auto, (max-width: 500px) 100vw, 500px\" \/>                    <\/figure>\n                <\/a>\n                            <a class=\"ha-logo-grid-item ha-logo-grid-link\" href=\"#\" target=\"_blank\" rel=\"nofollow\">\n                    <figure class=\"ha-logo-grid-figure\">\n                    <img loading=\"lazy\" decoding=\"async\" width=\"500\" height=\"311\" src=\"https:\/\/mennur.com.tr\/wp-content\/uploads\/2021\/06\/referanslar_0013_1540192823602.png\" class=\"ha-logo-grid-img elementor-animation-\" alt=\"\" srcset=\"https:\/\/mennur.com.tr\/wp-content\/uploads\/2021\/06\/referanslar_0013_1540192823602.png 500w, https:\/\/mennur.com.tr\/wp-content\/uploads\/2021\/06\/referanslar_0013_1540192823602-300x187.png 300w\" sizes=\"auto, (max-width: 500px) 100vw, 500px\" \/>                    <\/figure>\n                <\/a>\n                            <a class=\"ha-logo-grid-item ha-logo-grid-link\" href=\"#\" target=\"_blank\" rel=\"nofollow\">\n                    <figure class=\"ha-logo-grid-figure\">\n                    <img loading=\"lazy\" decoding=\"async\" width=\"500\" height=\"311\" src=\"https:\/\/mennur.com.tr\/wp-content\/uploads\/2021\/06\/referanslar_0014_1522050311712.png\" class=\"ha-logo-grid-img elementor-animation-\" alt=\"\" srcset=\"https:\/\/mennur.com.tr\/wp-content\/uploads\/2021\/06\/referanslar_0014_1522050311712.png 500w, https:\/\/mennur.com.tr\/wp-content\/uploads\/2021\/06\/referanslar_0014_1522050311712-300x187.png 300w\" sizes=\"auto, (max-width: 500px) 100vw, 500px\" \/>                    <\/figure>\n                <\/a>\n                            <a class=\"ha-logo-grid-item ha-logo-grid-link\" href=\"#\" target=\"_blank\" rel=\"nofollow\">\n                    <figure class=\"ha-logo-grid-figure\">\n                    <img loading=\"lazy\" decoding=\"async\" width=\"500\" height=\"311\" src=\"https:\/\/mennur.com.tr\/wp-content\/uploads\/2021\/06\/referanslar_0015_unnamed.png\" class=\"ha-logo-grid-img elementor-animation-\" alt=\"\" srcset=\"https:\/\/mennur.com.tr\/wp-content\/uploads\/2021\/06\/referanslar_0015_unnamed.png 500w, https:\/\/mennur.com.tr\/wp-content\/uploads\/2021\/06\/referanslar_0015_unnamed-300x187.png 300w\" sizes=\"auto, (max-width: 500px) 100vw, 500px\" \/>                    <\/figure>\n                <\/a>\n                            <a class=\"ha-logo-grid-item ha-logo-grid-link\" href=\"#\" target=\"_blank\" rel=\"nofollow\">\n                    <figure class=\"ha-logo-grid-figure\">\n                    <img loading=\"lazy\" decoding=\"async\" width=\"500\" height=\"311\" src=\"https:\/\/mennur.com.tr\/wp-content\/uploads\/2021\/06\/referanslar_0016_Layer-0.png\" class=\"ha-logo-grid-img elementor-animation-\" alt=\"\" srcset=\"https:\/\/mennur.com.tr\/wp-content\/uploads\/2021\/06\/referanslar_0016_Layer-0.png 500w, https:\/\/mennur.com.tr\/wp-content\/uploads\/2021\/06\/referanslar_0016_Layer-0-300x187.png 300w\" sizes=\"auto, (max-width: 500px) 100vw, 500px\" \/>                    <\/figure>\n                <\/a>\n                            <a class=\"ha-logo-grid-item ha-logo-grid-link\" href=\"#\" target=\"_blank\" rel=\"nofollow\">\n                    <figure class=\"ha-logo-grid-figure\">\n                    <img loading=\"lazy\" decoding=\"async\" width=\"500\" height=\"311\" src=\"https:\/\/mennur.com.tr\/wp-content\/uploads\/2021\/07\/soykan.png\" class=\"ha-logo-grid-img elementor-animation-\" alt=\"\" srcset=\"https:\/\/mennur.com.tr\/wp-content\/uploads\/2021\/07\/soykan.png 500w, https:\/\/mennur.com.tr\/wp-content\/uploads\/2021\/07\/soykan-300x187.png 300w\" sizes=\"auto, (max-width: 500px) 100vw, 500px\" \/>                    <\/figure>\n                <\/a>\n                    <\/div>\n\n        \t\t<\/div>\n\t\t\t\t<\/div>\n\t\t\t\t\t<\/div>\n\t\t<\/div>\n\t\t\t\t\t\t\t<\/div>\n\t\t<\/section>\n\t\t\t\t\t<\/div>\n\t\t<\/div>\n\t\t\t\t\t\t\t<\/div>\n\t\t<\/section>\n\t\t\t\t<section class=\"elementor-section elementor-top-section elementor-element elementor-element-5f15a25 elementor-section-boxed elementor-section-height-default elementor-section-height-default\" data-id=\"5f15a25\" data-element_type=\"section\" data-settings=\"{&quot;background_background&quot;:&quot;classic&quot;,&quot;_ha_eqh_enable&quot;:false}\">\n\t\t\t\t\t\t<div class=\"elementor-container elementor-column-gap-default\">\n\t\t\t\t\t<div class=\"elementor-column elementor-col-33 elementor-top-column elementor-element elementor-element-a276eee\" data-id=\"a276eee\" data-element_type=\"column\">\n\t\t\t<div class=\"elementor-widget-wrap elementor-element-populated\">\n\t\t\t\t\t\t\t\t<div class=\"elementor-element elementor-element-cf8cd26 elementor-view-default elementor-position-top elementor-vertical-align-top elementor-invisible elementor-widget elementor-widget-icon-box\" data-id=\"cf8cd26\" data-element_type=\"widget\" data-settings=\"{&quot;_animation&quot;:&quot;fadeInUp&quot;}\" data-widget_type=\"icon-box.default\">\n\t\t\t\t<div class=\"elementor-widget-container\">\n\t\t\t\t\t<div class=\"elementor-icon-box-wrapper\">\n\t\t\t\t\t\t<div class=\"elementor-icon-box-icon\">\n\t\t\t\t<span class=\"elementor-icon elementor-animation-\" >\n\t\t\t\t<i aria-hidden=\"true\" class=\"hm hm-support-call\"><\/i>\t\t\t\t<\/span>\n\t\t\t<\/div>\n\t\t\t\t\t\t<div class=\"elementor-icon-box-content\">\n\t\t\t\t<h3 class=\"elementor-icon-box-title\">\n\t\t\t\t\t<span >Bizi Aray\u0131n<\/span>\n\t\t\t\t<\/h3>\n\t\t\t\t\t\t\t\t<p class=\"elementor-icon-box-description\">0312 397 01 37<\/p>\n\t\t\t\t\t\t\t<\/div>\n\t\t<\/div>\n\t\t\t\t<\/div>\n\t\t\t\t<\/div>\n\t\t\t\t\t<\/div>\n\t\t<\/div>\n\t\t\t\t<div class=\"elementor-column elementor-col-33 elementor-top-column elementor-element elementor-element-b11425b\" data-id=\"b11425b\" data-element_type=\"column\">\n\t\t\t<div class=\"elementor-widget-wrap elementor-element-populated\">\n\t\t\t\t\t\t\t\t<div class=\"elementor-element elementor-element-26ee6cb elementor-view-default elementor-position-top elementor-vertical-align-top elementor-invisible elementor-widget elementor-widget-icon-box\" data-id=\"26ee6cb\" data-element_type=\"widget\" data-settings=\"{&quot;_animation&quot;:&quot;fadeInUp&quot;,&quot;_animation_delay&quot;:50}\" data-widget_type=\"icon-box.default\">\n\t\t\t\t<div class=\"elementor-widget-container\">\n\t\t\t\t\t<div class=\"elementor-icon-box-wrapper\">\n\t\t\t\t\t\t<div class=\"elementor-icon-box-icon\">\n\t\t\t\t<span class=\"elementor-icon elementor-animation-\" >\n\t\t\t\t<i aria-hidden=\"true\" class=\"fab fa-whatsapp\"><\/i>\t\t\t\t<\/span>\n\t\t\t<\/div>\n\t\t\t\t\t\t<div class=\"elementor-icon-box-content\">\n\t\t\t\t<h3 class=\"elementor-icon-box-title\">\n\t\t\t\t\t<span >WhatsApp<\/span>\n\t\t\t\t<\/h3>\n\t\t\t\t\t\t\t\t<p class=\"elementor-icon-box-description\">0 555 971 92 49<\/p>\n\t\t\t\t\t\t\t<\/div>\n\t\t<\/div>\n\t\t\t\t<\/div>\n\t\t\t\t<\/div>\n\t\t\t\t\t<\/div>\n\t\t<\/div>\n\t\t\t\t<div class=\"elementor-column elementor-col-33 elementor-top-column elementor-element elementor-element-6ec43bf\" data-id=\"6ec43bf\" data-element_type=\"column\">\n\t\t\t<div class=\"elementor-widget-wrap elementor-element-populated\">\n\t\t\t\t\t\t\t\t<div class=\"elementor-element elementor-element-53af3a3 elementor-view-default elementor-position-top elementor-vertical-align-top elementor-invisible elementor-widget elementor-widget-icon-box\" data-id=\"53af3a3\" data-element_type=\"widget\" data-settings=\"{&quot;_animation&quot;:&quot;fadeInUp&quot;,&quot;_animation_delay&quot;:100}\" data-widget_type=\"icon-box.default\">\n\t\t\t\t<div class=\"elementor-widget-container\">\n\t\t\t\t\t<div class=\"elementor-icon-box-wrapper\">\n\t\t\t\t\t\t<div class=\"elementor-icon-box-icon\">\n\t\t\t\t<span class=\"elementor-icon elementor-animation-\" >\n\t\t\t\t<i aria-hidden=\"true\" class=\"hm hm-mail-open\"><\/i>\t\t\t\t<\/span>\n\t\t\t<\/div>\n\t\t\t\t\t\t<div class=\"elementor-icon-box-content\">\n\t\t\t\t<h3 class=\"elementor-icon-box-title\">\n\t\t\t\t\t<span >Bize Yaz\u0131n<\/span>\n\t\t\t\t<\/h3>\n\t\t\t\t\t\t\t\t<p class=\"elementor-icon-box-description\">bilgi@mennur.com.tr<\/p>\n\t\t\t\t\t\t\t<\/div>\n\t\t<\/div>\n\t\t\t\t<\/div>\n\t\t\t\t<\/div>\n\t\t\t\t\t<\/div>\n\t\t<\/div>\n\t\t\t\t\t\t\t<\/div>\n\t\t<\/section>\n\t\t\t\t\t\t<\/div>\n\t\t\t\t\t<\/div>\n\t\t","protected":false},"excerpt":{"rendered":"<p>\u0130\u015f Ortaklar\u0131m\u0131z \u0130\u015f Ortaklar\u0131m\u0131z Bizi Aray\u0131n 0312 397 01 37 WhatsApp 0 555 971 92 49 Bize Yaz\u0131n bilgi@mennur.com.tr<\/p>\n","protected":false},"author":1,"featured_media":0,"parent":0,"menu_order":0,"comment_status":"closed","ping_status":"closed","template":"","meta":{"footnotes":""},"class_list":["post-3419","page","type-page","status-publish","hentry"],"_links":{"self":[{"href":"https:\/\/mennur.com.tr\/index.php\/wp-json\/wp\/v2\/pages\/3419","targetHints":{"allow":["GET"]}}],"collection":[{"href":"https:\/\/mennur.com.tr\/index.php\/wp-json\/wp\/v2\/pages"}],"about":[{"href":"https:\/\/mennur.com.tr\/index.php\/wp-json\/wp\/v2\/types\/page"}],"author":[{"embeddable":true,"href":"https:\/\/mennur.com.tr\/index.php\/wp-json\/wp\/v2\/users\/1"}],"replies":[{"embeddable":true,"href":"https:\/\/mennur.com.tr\/index.php\/wp-json\/wp\/v2\/comments?post=3419"}],"version-history":[{"count":20,"href":"https:\/\/mennur.com.tr\/index.php\/wp-json\/wp\/v2\/pages\/3419\/revisions"}],"predecessor-version":[{"id":3581,"href":"https:\/\/mennur.com.tr\/index.php\/wp-json\/wp\/v2\/pages\/3419\/revisions\/3581"}],"wp:attachment":[{"href":"https:\/\/mennur.com.tr\/index.php\/wp-json\/wp\/v2\/media?parent=3419"}],"curies":[{"name":"wp","href":"https:\/\/api.w.org\/{rel}","templated":true}]}}