{"id":3424,"date":"2021-06-20T22:34:32","date_gmt":"2021-06-20T22:34:32","guid":{"rendered":"http:\/\/mennur.com.tr\/?page_id=3424"},"modified":"2021-07-07T08:43:11","modified_gmt":"2021-07-07T08:43:11","slug":"markalarimiz","status":"publish","type":"page","link":"https:\/\/mennur.com.tr\/index.php\/markalarimiz\/","title":{"rendered":"Markalar\u0131m\u0131z"},"content":{"rendered":"\t\t<div data-elementor-type=\"wp-post\" data-elementor-id=\"3424\" class=\"elementor elementor-3424\" data-elementor-settings=\"[]\">\n\t\t\t\t\t\t\t<div class=\"elementor-section-wrap\">\n\t\t\t\t\t\t\t<section class=\"elementor-section elementor-top-section elementor-element elementor-element-8c39fce elementor-section-content-middle elementor-section-boxed elementor-section-height-default elementor-section-height-default\" data-id=\"8c39fce\" data-element_type=\"section\" data-settings=\"{&quot;background_background&quot;:&quot;classic&quot;,&quot;_ha_eqh_enable&quot;:false}\">\n\t\t\t\t\t\t\t<div class=\"elementor-background-overlay\"><\/div>\n\t\t\t\t\t\t\t<div class=\"elementor-container elementor-column-gap-no\">\n\t\t\t\t\t<div class=\"elementor-column elementor-col-100 elementor-top-column elementor-element elementor-element-b1952b1\" data-id=\"b1952b1\" data-element_type=\"column\">\n\t\t\t<div class=\"elementor-widget-wrap elementor-element-populated\">\n\t\t\t\t\t\t\t\t<div class=\"elementor-element elementor-element-03b93f0 elementor-widget elementor-widget-heading\" data-id=\"03b93f0\" data-element_type=\"widget\" data-widget_type=\"heading.default\">\n\t\t\t\t<div class=\"elementor-widget-container\">\n\t\t\t<h1 class=\"elementor-heading-title elementor-size-default\">Markalar\u0131m\u0131z<\/h1>\t\t<\/div>\n\t\t\t\t<\/div>\n\t\t\t\t\t<\/div>\n\t\t<\/div>\n\t\t\t\t\t\t\t<\/div>\n\t\t<\/section>\n\t\t\t\t<section class=\"elementor-section elementor-top-section elementor-element elementor-element-d28c655 elementor-section-full_width elementor-section-height-default elementor-section-height-default\" data-id=\"d28c655\" data-element_type=\"section\" data-settings=\"{&quot;_ha_eqh_enable&quot;:false}\">\n\t\t\t\t\t\t<div class=\"elementor-container elementor-column-gap-default\">\n\t\t\t\t\t<div class=\"elementor-column elementor-col-100 elementor-top-column elementor-element elementor-element-997bde8\" data-id=\"997bde8\" data-element_type=\"column\" data-settings=\"{&quot;background_background&quot;:&quot;classic&quot;}\">\n\t\t\t<div class=\"elementor-widget-wrap elementor-element-populated\">\n\t\t\t\t\t\t\t\t<section class=\"elementor-section elementor-inner-section elementor-element elementor-element-83b3443 elementor-section-full_width elementor-section-content-middle elementor-section-height-default elementor-section-height-default\" data-id=\"83b3443\" data-element_type=\"section\" data-settings=\"{&quot;_ha_eqh_enable&quot;:false}\">\n\t\t\t\t\t\t<div class=\"elementor-container elementor-column-gap-no\">\n\t\t\t\t\t<div class=\"elementor-column elementor-col-100 elementor-inner-column elementor-element elementor-element-fe6e6ed\" data-id=\"fe6e6ed\" data-element_type=\"column\" data-settings=\"{&quot;background_background&quot;:&quot;classic&quot;}\">\n\t\t\t<div class=\"elementor-widget-wrap elementor-element-populated\">\n\t\t\t\t\t\t\t\t<div class=\"elementor-element elementor-element-2a5a40c elementor-widget-divider--view-line elementor-widget elementor-widget-divider\" data-id=\"2a5a40c\" data-element_type=\"widget\" data-widget_type=\"divider.default\">\n\t\t\t\t<div class=\"elementor-widget-container\">\n\t\t\t\t\t<div class=\"elementor-divider\">\n\t\t\t<span class=\"elementor-divider-separator\">\n\t\t\t\t\t\t<\/span>\n\t\t<\/div>\n\t\t\t\t<\/div>\n\t\t\t\t<\/div>\n\t\t\t\t<div class=\"elementor-element elementor-element-ccb1e63 elementor-widget elementor-widget-heading\" data-id=\"ccb1e63\" data-element_type=\"widget\" data-widget_type=\"heading.default\">\n\t\t\t\t<div class=\"elementor-widget-container\">\n\t\t\t<h2 class=\"elementor-heading-title elementor-size-default\">Markalar\u0131m\u0131z<\/h2>\t\t<\/div>\n\t\t\t\t<\/div>\n\t\t\t\t<div class=\"elementor-element elementor-element-0b11c11 ha-logo-grid--col-4 ha-logo-grid--box ha-logo-grid--col--tablet2 ha-logo-grid--col--mobile2 elementor-widget elementor-widget-ha-logo-grid happy-addon ha-logo-grid\" data-id=\"0b11c11\" data-element_type=\"widget\" data-widget_type=\"ha-logo-grid.default\">\n\t\t\t\t<div class=\"elementor-widget-container\">\n\t\t\t\n        <div class=\"ha-logo-grid-wrapper\">\n                            <a class=\"ha-logo-grid-item ha-logo-grid-link\" href=\"#\" target=\"_blank\" rel=\"nofollow\">\n                    <figure class=\"ha-logo-grid-figure\">\n                    <img loading=\"lazy\" decoding=\"async\" width=\"612\" height=\"340\" src=\"https:\/\/mennur.com.tr\/wp-content\/uploads\/2021\/06\/sliderlogos_0013_Layer-1.png\" class=\"ha-logo-grid-img elementor-animation-\" alt=\"\" srcset=\"https:\/\/mennur.com.tr\/wp-content\/uploads\/2021\/06\/sliderlogos_0013_Layer-1.png 612w, https:\/\/mennur.com.tr\/wp-content\/uploads\/2021\/06\/sliderlogos_0013_Layer-1-300x167.png 300w, https:\/\/mennur.com.tr\/wp-content\/uploads\/2021\/06\/sliderlogos_0013_Layer-1-600x333.png 600w\" sizes=\"auto, (max-width: 612px) 100vw, 612px\" \/>                    <\/figure>\n                <\/a>\n                            <a class=\"ha-logo-grid-item ha-logo-grid-link\" href=\"#\" target=\"_blank\" rel=\"nofollow\">\n                    <figure class=\"ha-logo-grid-figure\">\n                    <img loading=\"lazy\" decoding=\"async\" width=\"612\" height=\"340\" src=\"https:\/\/mennur.com.tr\/wp-content\/uploads\/2021\/06\/sliderlogos_0012_polonez-2.png\" class=\"ha-logo-grid-img elementor-animation-\" alt=\"\" srcset=\"https:\/\/mennur.com.tr\/wp-content\/uploads\/2021\/06\/sliderlogos_0012_polonez-2.png 612w, https:\/\/mennur.com.tr\/wp-content\/uploads\/2021\/06\/sliderlogos_0012_polonez-2-300x167.png 300w, https:\/\/mennur.com.tr\/wp-content\/uploads\/2021\/06\/sliderlogos_0012_polonez-2-600x333.png 600w\" sizes=\"auto, (max-width: 612px) 100vw, 612px\" \/>                    <\/figure>\n                <\/a>\n                            <a class=\"ha-logo-grid-item ha-logo-grid-link\" href=\"#\" target=\"_blank\" rel=\"nofollow\">\n                    <figure class=\"ha-logo-grid-figure\">\n                    <img loading=\"lazy\" decoding=\"async\" width=\"612\" height=\"340\" src=\"https:\/\/mennur.com.tr\/wp-content\/uploads\/2021\/06\/sliderlogos_0011_yonca-logo.png\" class=\"ha-logo-grid-img elementor-animation-\" alt=\"\" srcset=\"https:\/\/mennur.com.tr\/wp-content\/uploads\/2021\/06\/sliderlogos_0011_yonca-logo.png 612w, https:\/\/mennur.com.tr\/wp-content\/uploads\/2021\/06\/sliderlogos_0011_yonca-logo-300x167.png 300w, https:\/\/mennur.com.tr\/wp-content\/uploads\/2021\/06\/sliderlogos_0011_yonca-logo-600x333.png 600w\" sizes=\"auto, (max-width: 612px) 100vw, 612px\" \/>                    <\/figure>\n                <\/a>\n                            <a class=\"ha-logo-grid-item ha-logo-grid-link\" href=\"#\" target=\"_blank\" rel=\"nofollow\">\n                    <figure class=\"ha-logo-grid-figure\">\n                    <img loading=\"lazy\" decoding=\"async\" width=\"612\" height=\"340\" src=\"https:\/\/mennur.com.tr\/wp-content\/uploads\/2021\/06\/sliderlogos_0010_abdurrahman-tatlici-logo.png\" class=\"ha-logo-grid-img elementor-animation-\" alt=\"\" srcset=\"https:\/\/mennur.com.tr\/wp-content\/uploads\/2021\/06\/sliderlogos_0010_abdurrahman-tatlici-logo.png 612w, https:\/\/mennur.com.tr\/wp-content\/uploads\/2021\/06\/sliderlogos_0010_abdurrahman-tatlici-logo-300x167.png 300w, https:\/\/mennur.com.tr\/wp-content\/uploads\/2021\/06\/sliderlogos_0010_abdurrahman-tatlici-logo-600x333.png 600w\" sizes=\"auto, (max-width: 612px) 100vw, 612px\" \/>                    <\/figure>\n                <\/a>\n                            <a class=\"ha-logo-grid-item ha-logo-grid-link\" href=\"#\" target=\"_blank\" rel=\"nofollow\">\n                    <figure class=\"ha-logo-grid-figure\">\n                    <img loading=\"lazy\" decoding=\"async\" width=\"612\" height=\"340\" src=\"https:\/\/mennur.com.tr\/wp-content\/uploads\/2021\/06\/sliderlogos_0009_Basyazici_logo.png\" class=\"ha-logo-grid-img elementor-animation-\" alt=\"\" srcset=\"https:\/\/mennur.com.tr\/wp-content\/uploads\/2021\/06\/sliderlogos_0009_Basyazici_logo.png 612w, https:\/\/mennur.com.tr\/wp-content\/uploads\/2021\/06\/sliderlogos_0009_Basyazici_logo-300x167.png 300w, https:\/\/mennur.com.tr\/wp-content\/uploads\/2021\/06\/sliderlogos_0009_Basyazici_logo-600x333.png 600w\" sizes=\"auto, (max-width: 612px) 100vw, 612px\" \/>                    <\/figure>\n                <\/a>\n                            <a class=\"ha-logo-grid-item ha-logo-grid-link\" href=\"#\" target=\"_blank\" rel=\"nofollow\">\n                    <figure class=\"ha-logo-grid-figure\">\n                    <img loading=\"lazy\" decoding=\"async\" width=\"612\" height=\"340\" src=\"https:\/\/mennur.com.tr\/wp-content\/uploads\/2021\/06\/sliderlogos_0008_betka-fresh-logo-771x429-1.png\" class=\"ha-logo-grid-img elementor-animation-\" alt=\"\" srcset=\"https:\/\/mennur.com.tr\/wp-content\/uploads\/2021\/06\/sliderlogos_0008_betka-fresh-logo-771x429-1.png 612w, https:\/\/mennur.com.tr\/wp-content\/uploads\/2021\/06\/sliderlogos_0008_betka-fresh-logo-771x429-1-300x167.png 300w, https:\/\/mennur.com.tr\/wp-content\/uploads\/2021\/06\/sliderlogos_0008_betka-fresh-logo-771x429-1-600x333.png 600w\" sizes=\"auto, (max-width: 612px) 100vw, 612px\" \/>                    <\/figure>\n                <\/a>\n                            <a class=\"ha-logo-grid-item ha-logo-grid-link\" href=\"#\" target=\"_blank\" rel=\"nofollow\">\n                    <figure class=\"ha-logo-grid-figure\">\n                    <img loading=\"lazy\" decoding=\"async\" width=\"612\" height=\"340\" src=\"https:\/\/mennur.com.tr\/wp-content\/uploads\/2021\/06\/sliderlogos_0007_HeinzLogo.png\" class=\"ha-logo-grid-img elementor-animation-\" alt=\"\" srcset=\"https:\/\/mennur.com.tr\/wp-content\/uploads\/2021\/06\/sliderlogos_0007_HeinzLogo.png 612w, https:\/\/mennur.com.tr\/wp-content\/uploads\/2021\/06\/sliderlogos_0007_HeinzLogo-300x167.png 300w, https:\/\/mennur.com.tr\/wp-content\/uploads\/2021\/06\/sliderlogos_0007_HeinzLogo-600x333.png 600w\" sizes=\"auto, (max-width: 612px) 100vw, 612px\" \/>                    <\/figure>\n                <\/a>\n                            <a class=\"ha-logo-grid-item ha-logo-grid-link\" href=\"#\" target=\"_blank\" rel=\"nofollow\">\n                    <figure class=\"ha-logo-grid-figure\">\n                    <img loading=\"lazy\" decoding=\"async\" width=\"612\" height=\"340\" src=\"https:\/\/mennur.com.tr\/wp-content\/uploads\/2021\/06\/sliderlogos_0006_Aksantas-logo-2.png\" class=\"ha-logo-grid-img elementor-animation-\" alt=\"\" srcset=\"https:\/\/mennur.com.tr\/wp-content\/uploads\/2021\/06\/sliderlogos_0006_Aksantas-logo-2.png 612w, https:\/\/mennur.com.tr\/wp-content\/uploads\/2021\/06\/sliderlogos_0006_Aksantas-logo-2-300x167.png 300w, https:\/\/mennur.com.tr\/wp-content\/uploads\/2021\/06\/sliderlogos_0006_Aksantas-logo-2-600x333.png 600w\" sizes=\"auto, (max-width: 612px) 100vw, 612px\" \/>                    <\/figure>\n                <\/a>\n                            <a class=\"ha-logo-grid-item ha-logo-grid-link\" href=\"#\" target=\"_blank\" rel=\"nofollow\">\n                    <figure class=\"ha-logo-grid-figure\">\n                    <img loading=\"lazy\" decoding=\"async\" width=\"612\" height=\"340\" src=\"https:\/\/mennur.com.tr\/wp-content\/uploads\/2021\/06\/sliderlogos_0005_akturk-logo.png\" class=\"ha-logo-grid-img elementor-animation-\" alt=\"\" srcset=\"https:\/\/mennur.com.tr\/wp-content\/uploads\/2021\/06\/sliderlogos_0005_akturk-logo.png 612w, https:\/\/mennur.com.tr\/wp-content\/uploads\/2021\/06\/sliderlogos_0005_akturk-logo-300x167.png 300w, https:\/\/mennur.com.tr\/wp-content\/uploads\/2021\/06\/sliderlogos_0005_akturk-logo-600x333.png 600w\" sizes=\"auto, (max-width: 612px) 100vw, 612px\" \/>                    <\/figure>\n                <\/a>\n                            <a class=\"ha-logo-grid-item ha-logo-grid-link\" href=\"#\" target=\"_blank\" rel=\"nofollow\">\n                    <figure class=\"ha-logo-grid-figure\">\n                    <img loading=\"lazy\" decoding=\"async\" width=\"612\" height=\"340\" src=\"https:\/\/mennur.com.tr\/wp-content\/uploads\/2021\/06\/sliderlogos_0004_barilla-logo-2.png\" class=\"ha-logo-grid-img elementor-animation-\" alt=\"\" srcset=\"https:\/\/mennur.com.tr\/wp-content\/uploads\/2021\/06\/sliderlogos_0004_barilla-logo-2.png 612w, https:\/\/mennur.com.tr\/wp-content\/uploads\/2021\/06\/sliderlogos_0004_barilla-logo-2-300x167.png 300w, https:\/\/mennur.com.tr\/wp-content\/uploads\/2021\/06\/sliderlogos_0004_barilla-logo-2-600x333.png 600w\" sizes=\"auto, (max-width: 612px) 100vw, 612px\" \/>                    <\/figure>\n                <\/a>\n                            <a class=\"ha-logo-grid-item ha-logo-grid-link\" href=\"#\" target=\"_blank\" rel=\"nofollow\">\n                    <figure class=\"ha-logo-grid-figure\">\n                    <img loading=\"lazy\" decoding=\"async\" width=\"612\" height=\"340\" src=\"https:\/\/mennur.com.tr\/wp-content\/uploads\/2021\/06\/sliderlogos_0003_Beyde-logo-yesil.png\" class=\"ha-logo-grid-img elementor-animation-\" alt=\"\" srcset=\"https:\/\/mennur.com.tr\/wp-content\/uploads\/2021\/06\/sliderlogos_0003_Beyde-logo-yesil.png 612w, https:\/\/mennur.com.tr\/wp-content\/uploads\/2021\/06\/sliderlogos_0003_Beyde-logo-yesil-300x167.png 300w, https:\/\/mennur.com.tr\/wp-content\/uploads\/2021\/06\/sliderlogos_0003_Beyde-logo-yesil-600x333.png 600w\" sizes=\"auto, (max-width: 612px) 100vw, 612px\" \/>                    <\/figure>\n                <\/a>\n                            <a class=\"ha-logo-grid-item ha-logo-grid-link\" href=\"#\" target=\"_blank\" rel=\"nofollow\">\n                    <figure class=\"ha-logo-grid-figure\">\n                    <img loading=\"lazy\" decoding=\"async\" width=\"612\" height=\"340\" src=\"https:\/\/mennur.com.tr\/wp-content\/uploads\/2021\/06\/sliderlogos_0002_bulayhan-logo-2.png\" class=\"ha-logo-grid-img elementor-animation-\" alt=\"\" srcset=\"https:\/\/mennur.com.tr\/wp-content\/uploads\/2021\/06\/sliderlogos_0002_bulayhan-logo-2.png 612w, https:\/\/mennur.com.tr\/wp-content\/uploads\/2021\/06\/sliderlogos_0002_bulayhan-logo-2-300x167.png 300w, https:\/\/mennur.com.tr\/wp-content\/uploads\/2021\/06\/sliderlogos_0002_bulayhan-logo-2-600x333.png 600w\" sizes=\"auto, (max-width: 612px) 100vw, 612px\" \/>                    <\/figure>\n                <\/a>\n                            <a class=\"ha-logo-grid-item ha-logo-grid-link\" href=\"#\" target=\"_blank\" rel=\"nofollow\">\n                    <figure class=\"ha-logo-grid-figure\">\n                    <img loading=\"lazy\" decoding=\"async\" width=\"612\" height=\"340\" src=\"https:\/\/mennur.com.tr\/wp-content\/uploads\/2021\/06\/sliderlogos_0001_heinz_kraft_logo.png\" class=\"ha-logo-grid-img elementor-animation-\" alt=\"\" srcset=\"https:\/\/mennur.com.tr\/wp-content\/uploads\/2021\/06\/sliderlogos_0001_heinz_kraft_logo.png 612w, https:\/\/mennur.com.tr\/wp-content\/uploads\/2021\/06\/sliderlogos_0001_heinz_kraft_logo-300x167.png 300w, https:\/\/mennur.com.tr\/wp-content\/uploads\/2021\/06\/sliderlogos_0001_heinz_kraft_logo-600x333.png 600w\" sizes=\"auto, (max-width: 612px) 100vw, 612px\" \/>                    <\/figure>\n                <\/a>\n                            <a class=\"ha-logo-grid-item ha-logo-grid-link\" href=\"#\" target=\"_blank\" rel=\"nofollow\">\n                    <figure class=\"ha-logo-grid-figure\">\n                    <img loading=\"lazy\" decoding=\"async\" width=\"612\" height=\"340\" src=\"https:\/\/mennur.com.tr\/wp-content\/uploads\/2021\/06\/sliderlogos_0000_maggi-logoa.png\" class=\"ha-logo-grid-img elementor-animation-\" alt=\"\" srcset=\"https:\/\/mennur.com.tr\/wp-content\/uploads\/2021\/06\/sliderlogos_0000_maggi-logoa.png 612w, https:\/\/mennur.com.tr\/wp-content\/uploads\/2021\/06\/sliderlogos_0000_maggi-logoa-300x167.png 300w, https:\/\/mennur.com.tr\/wp-content\/uploads\/2021\/06\/sliderlogos_0000_maggi-logoa-600x333.png 600w\" sizes=\"auto, (max-width: 612px) 100vw, 612px\" \/>                    <\/figure>\n                <\/a>\n                            <a class=\"ha-logo-grid-item ha-logo-grid-link\" href=\"#\" target=\"_blank\" rel=\"nofollow\">\n                    <figure class=\"ha-logo-grid-figure\">\n                    <img loading=\"lazy\" decoding=\"async\" width=\"612\" height=\"340\" src=\"https:\/\/mennur.com.tr\/wp-content\/uploads\/2021\/07\/ayneslogo.png\" class=\"ha-logo-grid-img elementor-animation-\" alt=\"\" srcset=\"https:\/\/mennur.com.tr\/wp-content\/uploads\/2021\/07\/ayneslogo.png 612w, https:\/\/mennur.com.tr\/wp-content\/uploads\/2021\/07\/ayneslogo-300x167.png 300w, https:\/\/mennur.com.tr\/wp-content\/uploads\/2021\/07\/ayneslogo-600x333.png 600w\" sizes=\"auto, (max-width: 612px) 100vw, 612px\" \/>                    <\/figure>\n                <\/a>\n                            <a class=\"ha-logo-grid-item ha-logo-grid-link\" href=\"#\" target=\"_blank\" rel=\"nofollow\">\n                    <figure class=\"ha-logo-grid-figure\">\n                    <img loading=\"lazy\" decoding=\"async\" width=\"612\" height=\"340\" src=\"https:\/\/mennur.com.tr\/wp-content\/uploads\/2021\/07\/pinarlogo.png\" class=\"ha-logo-grid-img elementor-animation-\" alt=\"\" srcset=\"https:\/\/mennur.com.tr\/wp-content\/uploads\/2021\/07\/pinarlogo.png 612w, https:\/\/mennur.com.tr\/wp-content\/uploads\/2021\/07\/pinarlogo-300x167.png 300w, https:\/\/mennur.com.tr\/wp-content\/uploads\/2021\/07\/pinarlogo-600x333.png 600w\" sizes=\"auto, (max-width: 612px) 100vw, 612px\" \/>                    <\/figure>\n                <\/a>\n                            <a class=\"ha-logo-grid-item ha-logo-grid-link\" href=\"#\" target=\"_blank\" rel=\"nofollow\">\n                    <figure class=\"ha-logo-grid-figure\">\n                    <img loading=\"lazy\" decoding=\"async\" width=\"612\" height=\"340\" src=\"https:\/\/mennur.com.tr\/wp-content\/uploads\/2021\/07\/sutaslogo.png\" class=\"ha-logo-grid-img elementor-animation-\" alt=\"\" srcset=\"https:\/\/mennur.com.tr\/wp-content\/uploads\/2021\/07\/sutaslogo.png 612w, https:\/\/mennur.com.tr\/wp-content\/uploads\/2021\/07\/sutaslogo-300x167.png 300w, https:\/\/mennur.com.tr\/wp-content\/uploads\/2021\/07\/sutaslogo-600x333.png 600w\" sizes=\"auto, (max-width: 612px) 100vw, 612px\" \/>                    <\/figure>\n                <\/a>\n                            <a class=\"ha-logo-grid-item ha-logo-grid-link\" href=\"#\" target=\"_blank\" rel=\"nofollow\">\n                    <figure class=\"ha-logo-grid-figure\">\n                    <img loading=\"lazy\" decoding=\"async\" width=\"612\" height=\"340\" src=\"https:\/\/mennur.com.tr\/wp-content\/uploads\/2021\/07\/onculogo.png\" class=\"ha-logo-grid-img elementor-animation-\" alt=\"\" srcset=\"https:\/\/mennur.com.tr\/wp-content\/uploads\/2021\/07\/onculogo.png 612w, https:\/\/mennur.com.tr\/wp-content\/uploads\/2021\/07\/onculogo-300x167.png 300w, https:\/\/mennur.com.tr\/wp-content\/uploads\/2021\/07\/onculogo-600x333.png 600w\" sizes=\"auto, (max-width: 612px) 100vw, 612px\" \/>                    <\/figure>\n                <\/a>\n                            <a class=\"ha-logo-grid-item ha-logo-grid-link\" href=\"#\" target=\"_blank\" rel=\"nofollow\">\n                    <figure class=\"ha-logo-grid-figure\">\n                    <img loading=\"lazy\" decoding=\"async\" width=\"612\" height=\"340\" src=\"https:\/\/mennur.com.tr\/wp-content\/uploads\/2021\/07\/tukaslogo.png\" class=\"ha-logo-grid-img elementor-animation-\" alt=\"\" srcset=\"https:\/\/mennur.com.tr\/wp-content\/uploads\/2021\/07\/tukaslogo.png 612w, https:\/\/mennur.com.tr\/wp-content\/uploads\/2021\/07\/tukaslogo-300x167.png 300w, https:\/\/mennur.com.tr\/wp-content\/uploads\/2021\/07\/tukaslogo-600x333.png 600w\" sizes=\"auto, (max-width: 612px) 100vw, 612px\" \/>                    <\/figure>\n                <\/a>\n                    <\/div>\n\n        \t\t<\/div>\n\t\t\t\t<\/div>\n\t\t\t\t\t<\/div>\n\t\t<\/div>\n\t\t\t\t\t\t\t<\/div>\n\t\t<\/section>\n\t\t\t\t\t<\/div>\n\t\t<\/div>\n\t\t\t\t\t\t\t<\/div>\n\t\t<\/section>\n\t\t\t\t<section class=\"elementor-section elementor-top-section elementor-element elementor-element-9675001 elementor-section-boxed elementor-section-height-default elementor-section-height-default\" data-id=\"9675001\" data-element_type=\"section\" data-settings=\"{&quot;background_background&quot;:&quot;classic&quot;,&quot;_ha_eqh_enable&quot;:false}\">\n\t\t\t\t\t\t<div class=\"elementor-container elementor-column-gap-default\">\n\t\t\t\t\t<div class=\"elementor-column elementor-col-33 elementor-top-column elementor-element elementor-element-7174ce3\" data-id=\"7174ce3\" data-element_type=\"column\">\n\t\t\t<div class=\"elementor-widget-wrap elementor-element-populated\">\n\t\t\t\t\t\t\t\t<div class=\"elementor-element elementor-element-0de12bd elementor-view-default elementor-position-top elementor-vertical-align-top elementor-invisible elementor-widget elementor-widget-icon-box\" data-id=\"0de12bd\" data-element_type=\"widget\" data-settings=\"{&quot;_animation&quot;:&quot;fadeInUp&quot;}\" data-widget_type=\"icon-box.default\">\n\t\t\t\t<div class=\"elementor-widget-container\">\n\t\t\t\t\t<div class=\"elementor-icon-box-wrapper\">\n\t\t\t\t\t\t<div class=\"elementor-icon-box-icon\">\n\t\t\t\t<span class=\"elementor-icon elementor-animation-\" >\n\t\t\t\t<i aria-hidden=\"true\" class=\"hm hm-support-call\"><\/i>\t\t\t\t<\/span>\n\t\t\t<\/div>\n\t\t\t\t\t\t<div class=\"elementor-icon-box-content\">\n\t\t\t\t<h3 class=\"elementor-icon-box-title\">\n\t\t\t\t\t<span >Bizi Aray\u0131n<\/span>\n\t\t\t\t<\/h3>\n\t\t\t\t\t\t\t\t<p class=\"elementor-icon-box-description\">0312 397 01 37<\/p>\n\t\t\t\t\t\t\t<\/div>\n\t\t<\/div>\n\t\t\t\t<\/div>\n\t\t\t\t<\/div>\n\t\t\t\t\t<\/div>\n\t\t<\/div>\n\t\t\t\t<div class=\"elementor-column elementor-col-33 elementor-top-column elementor-element elementor-element-9c2bdbc\" data-id=\"9c2bdbc\" data-element_type=\"column\">\n\t\t\t<div class=\"elementor-widget-wrap elementor-element-populated\">\n\t\t\t\t\t\t\t\t<div class=\"elementor-element elementor-element-9eaf201 elementor-view-default elementor-position-top elementor-vertical-align-top elementor-invisible elementor-widget elementor-widget-icon-box\" data-id=\"9eaf201\" data-element_type=\"widget\" data-settings=\"{&quot;_animation&quot;:&quot;fadeInUp&quot;,&quot;_animation_delay&quot;:50}\" data-widget_type=\"icon-box.default\">\n\t\t\t\t<div class=\"elementor-widget-container\">\n\t\t\t\t\t<div class=\"elementor-icon-box-wrapper\">\n\t\t\t\t\t\t<div class=\"elementor-icon-box-icon\">\n\t\t\t\t<span class=\"elementor-icon elementor-animation-\" >\n\t\t\t\t<i aria-hidden=\"true\" class=\"fab fa-whatsapp\"><\/i>\t\t\t\t<\/span>\n\t\t\t<\/div>\n\t\t\t\t\t\t<div class=\"elementor-icon-box-content\">\n\t\t\t\t<h3 class=\"elementor-icon-box-title\">\n\t\t\t\t\t<span >WhatsApp<\/span>\n\t\t\t\t<\/h3>\n\t\t\t\t\t\t\t\t<p class=\"elementor-icon-box-description\">0 555 971 92 49<\/p>\n\t\t\t\t\t\t\t<\/div>\n\t\t<\/div>\n\t\t\t\t<\/div>\n\t\t\t\t<\/div>\n\t\t\t\t\t<\/div>\n\t\t<\/div>\n\t\t\t\t<div class=\"elementor-column elementor-col-33 elementor-top-column elementor-element elementor-element-4585a88\" data-id=\"4585a88\" data-element_type=\"column\">\n\t\t\t<div class=\"elementor-widget-wrap elementor-element-populated\">\n\t\t\t\t\t\t\t\t<div class=\"elementor-element elementor-element-3cc89fc elementor-view-default elementor-position-top elementor-vertical-align-top elementor-invisible elementor-widget elementor-widget-icon-box\" data-id=\"3cc89fc\" data-element_type=\"widget\" data-settings=\"{&quot;_animation&quot;:&quot;fadeInUp&quot;,&quot;_animation_delay&quot;:100}\" data-widget_type=\"icon-box.default\">\n\t\t\t\t<div class=\"elementor-widget-container\">\n\t\t\t\t\t<div class=\"elementor-icon-box-wrapper\">\n\t\t\t\t\t\t<div class=\"elementor-icon-box-icon\">\n\t\t\t\t<span class=\"elementor-icon elementor-animation-\" >\n\t\t\t\t<i aria-hidden=\"true\" class=\"hm hm-mail-open\"><\/i>\t\t\t\t<\/span>\n\t\t\t<\/div>\n\t\t\t\t\t\t<div class=\"elementor-icon-box-content\">\n\t\t\t\t<h3 class=\"elementor-icon-box-title\">\n\t\t\t\t\t<span >Bize Yaz\u0131n<\/span>\n\t\t\t\t<\/h3>\n\t\t\t\t\t\t\t\t<p class=\"elementor-icon-box-description\">bilgi@mennur.com.tr<\/p>\n\t\t\t\t\t\t\t<\/div>\n\t\t<\/div>\n\t\t\t\t<\/div>\n\t\t\t\t<\/div>\n\t\t\t\t\t<\/div>\n\t\t<\/div>\n\t\t\t\t\t\t\t<\/div>\n\t\t<\/section>\n\t\t\t\t\t\t<\/div>\n\t\t\t\t\t<\/div>\n\t\t","protected":false},"excerpt":{"rendered":"<p>Markalar\u0131m\u0131z Markalar\u0131m\u0131z Bizi Aray\u0131n 0312 397 01 37 WhatsApp 0 555 971 92 49 Bize Yaz\u0131n bilgi@mennur.com.tr<\/p>\n","protected":false},"author":1,"featured_media":0,"parent":0,"menu_order":0,"comment_status":"closed","ping_status":"closed","template":"","meta":{"footnotes":""},"class_list":["post-3424","page","type-page","status-publish","hentry"],"_links":{"self":[{"href":"https:\/\/mennur.com.tr\/index.php\/wp-json\/wp\/v2\/pages\/3424","targetHints":{"allow":["GET"]}}],"collection":[{"href":"https:\/\/mennur.com.tr\/index.php\/wp-json\/wp\/v2\/pages"}],"about":[{"href":"https:\/\/mennur.com.tr\/index.php\/wp-json\/wp\/v2\/types\/page"}],"author":[{"embeddable":true,"href":"https:\/\/mennur.com.tr\/index.php\/wp-json\/wp\/v2\/users\/1"}],"replies":[{"embeddable":true,"href":"https:\/\/mennur.com.tr\/index.php\/wp-json\/wp\/v2\/comments?post=3424"}],"version-history":[{"count":14,"href":"https:\/\/mennur.com.tr\/index.php\/wp-json\/wp\/v2\/pages\/3424\/revisions"}],"predecessor-version":[{"id":3578,"href":"https:\/\/mennur.com.tr\/index.php\/wp-json\/wp\/v2\/pages\/3424\/revisions\/3578"}],"wp:attachment":[{"href":"https:\/\/mennur.com.tr\/index.php\/wp-json\/wp\/v2\/media?parent=3424"}],"curies":[{"name":"wp","href":"https:\/\/api.w.org\/{rel}","templated":true}]}}