{"id":3062,"date":"2021-06-19T13:30:52","date_gmt":"2021-06-19T13:30:52","guid":{"rendered":"http:\/\/mennur.com.tr\/?post_type=product&#038;p=3062"},"modified":"2021-07-05T13:02:36","modified_gmt":"2021-07-05T13:02:36","slug":"sanpat-parmak-patates","status":"publish","type":"product","link":"https:\/\/mennur.com.tr\/index.php\/urun\/sanpat-parmak-patates\/","title":{"rendered":"Sanpa Parmak Patates"},"content":{"rendered":"","protected":false},"excerpt":{"rendered":"<p>\u00dcr\u00fcn Ad\u0131: Sanpat Parmak Patates<br \/>\nMarka: SANPA<br \/>\nPaketleme: 7&#215;7 &amp; 9&#215;9 \u00e7e\u015fitleri vard\u0131r.<br \/>\nGramaj: 2500 Kg l\u0131k Ambalajlarda sat\u0131l\u0131r.<\/p>\n","protected":false},"featured_media":3063,"template":"","meta":[],"product_cat":[37],"product_tag":[],"class_list":["post-3062","product","type-product","status-publish","has-post-thumbnail","hentry","product_cat-donuk"],"_links":{"self":[{"href":"https:\/\/mennur.com.tr\/index.php\/wp-json\/wp\/v2\/product\/3062","targetHints":{"allow":["GET"]}}],"collection":[{"href":"https:\/\/mennur.com.tr\/index.php\/wp-json\/wp\/v2\/product"}],"about":[{"href":"https:\/\/mennur.com.tr\/index.php\/wp-json\/wp\/v2\/types\/product"}],"version-history":[{"count":2,"href":"https:\/\/mennur.com.tr\/index.php\/wp-json\/wp\/v2\/product\/3062\/revisions"}],"predecessor-version":[{"id":3081,"href":"https:\/\/mennur.com.tr\/index.php\/wp-json\/wp\/v2\/product\/3062\/revisions\/3081"}],"wp:featuredmedia":[{"embeddable":true,"href":"https:\/\/mennur.com.tr\/index.php\/wp-json\/wp\/v2\/media\/3063"}],"wp:attachment":[{"href":"https:\/\/mennur.com.tr\/index.php\/wp-json\/wp\/v2\/media?parent=3062"}],"wp:term":[{"taxonomy":"product_cat","embeddable":true,"href":"https:\/\/mennur.com.tr\/index.php\/wp-json\/wp\/v2\/product_cat?post=3062"},{"taxonomy":"product_tag","embeddable":true,"href":"https:\/\/mennur.com.tr\/index.php\/wp-json\/wp\/v2\/product_tag?post=3062"}],"curies":[{"name":"wp","href":"https:\/\/api.w.org\/{rel}","templated":true}]}}