{"id":3065,"date":"2021-06-19T13:31:44","date_gmt":"2021-06-19T13:31:44","guid":{"rendered":"http:\/\/mennur.com.tr\/?post_type=product&#038;p=3065"},"modified":"2021-07-05T13:03:07","modified_gmt":"2021-07-05T13:03:07","slug":"bonfrit-elma-dilim-patates","status":"publish","type":"product","link":"https:\/\/mennur.com.tr\/index.php\/urun\/bonfrit-elma-dilim-patates\/","title":{"rendered":"Bonfrit Elma Dilim Patates"},"content":{"rendered":"","protected":false},"excerpt":{"rendered":"<p>\u00dcr\u00fcn Ad\u0131: Bonfrit Elma Dilim Patates<br \/>\nMarka: SANPA<br \/>\nPaketleme: 2500 Kg l\u0131k Ambalajlarda sat\u0131l\u0131r.<\/p>\n","protected":false},"featured_media":3066,"template":"","meta":[],"product_cat":[37],"product_tag":[],"class_list":["post-3065","product","type-product","status-publish","has-post-thumbnail","hentry","product_cat-donuk"],"_links":{"self":[{"href":"https:\/\/mennur.com.tr\/index.php\/wp-json\/wp\/v2\/product\/3065","targetHints":{"allow":["GET"]}}],"collection":[{"href":"https:\/\/mennur.com.tr\/index.php\/wp-json\/wp\/v2\/product"}],"about":[{"href":"https:\/\/mennur.com.tr\/index.php\/wp-json\/wp\/v2\/types\/product"}],"version-history":[{"count":2,"href":"https:\/\/mennur.com.tr\/index.php\/wp-json\/wp\/v2\/product\/3065\/revisions"}],"predecessor-version":[{"id":3068,"href":"https:\/\/mennur.com.tr\/index.php\/wp-json\/wp\/v2\/product\/3065\/revisions\/3068"}],"wp:featuredmedia":[{"embeddable":true,"href":"https:\/\/mennur.com.tr\/index.php\/wp-json\/wp\/v2\/media\/3066"}],"wp:attachment":[{"href":"https:\/\/mennur.com.tr\/index.php\/wp-json\/wp\/v2\/media?parent=3065"}],"wp:term":[{"taxonomy":"product_cat","embeddable":true,"href":"https:\/\/mennur.com.tr\/index.php\/wp-json\/wp\/v2\/product_cat?post=3065"},{"taxonomy":"product_tag","embeddable":true,"href":"https:\/\/mennur.com.tr\/index.php\/wp-json\/wp\/v2\/product_tag?post=3065"}],"curies":[{"name":"wp","href":"https:\/\/api.w.org\/{rel}","templated":true}]}}