{"id":3069,"date":"2021-06-19T13:33:34","date_gmt":"2021-06-19T13:33:34","guid":{"rendered":"http:\/\/mennur.com.tr\/?post_type=product&#038;p=3069"},"modified":"2021-07-05T13:03:15","modified_gmt":"2021-07-05T13:03:15","slug":"sanpa-elma-dilim-patates","status":"publish","type":"product","link":"https:\/\/mennur.com.tr\/index.php\/urun\/sanpa-elma-dilim-patates\/","title":{"rendered":"Sanpa Elma Dilim Patates"},"content":{"rendered":"","protected":false},"excerpt":{"rendered":"<p>\u00dcr\u00fcn Ad\u0131: Sanpa Elma Dilim Patates<br \/>\nMarka: SANPA<br \/>\nPaketleme: 2500 Kg l\u0131k Ambalajlarda sat\u0131l\u0131r.<\/p>\n","protected":false},"featured_media":3058,"template":"","meta":[],"product_cat":[37],"product_tag":[],"class_list":["post-3069","product","type-product","status-publish","has-post-thumbnail","hentry","product_cat-donuk"],"_links":{"self":[{"href":"https:\/\/mennur.com.tr\/index.php\/wp-json\/wp\/v2\/product\/3069","targetHints":{"allow":["GET"]}}],"collection":[{"href":"https:\/\/mennur.com.tr\/index.php\/wp-json\/wp\/v2\/product"}],"about":[{"href":"https:\/\/mennur.com.tr\/index.php\/wp-json\/wp\/v2\/types\/product"}],"version-history":[{"count":1,"href":"https:\/\/mennur.com.tr\/index.php\/wp-json\/wp\/v2\/product\/3069\/revisions"}],"predecessor-version":[{"id":3070,"href":"https:\/\/mennur.com.tr\/index.php\/wp-json\/wp\/v2\/product\/3069\/revisions\/3070"}],"wp:featuredmedia":[{"embeddable":true,"href":"https:\/\/mennur.com.tr\/index.php\/wp-json\/wp\/v2\/media\/3058"}],"wp:attachment":[{"href":"https:\/\/mennur.com.tr\/index.php\/wp-json\/wp\/v2\/media?parent=3069"}],"wp:term":[{"taxonomy":"product_cat","embeddable":true,"href":"https:\/\/mennur.com.tr\/index.php\/wp-json\/wp\/v2\/product_cat?post=3069"},{"taxonomy":"product_tag","embeddable":true,"href":"https:\/\/mennur.com.tr\/index.php\/wp-json\/wp\/v2\/product_tag?post=3069"}],"curies":[{"name":"wp","href":"https:\/\/api.w.org\/{rel}","templated":true}]}}