{"id":3072,"date":"2021-06-19T13:35:15","date_gmt":"2021-06-19T13:35:15","guid":{"rendered":"http:\/\/mennur.com.tr\/?post_type=product&#038;p=3072"},"modified":"2021-07-05T13:03:22","modified_gmt":"2021-07-05T13:03:22","slug":"silindir-kroket","status":"publish","type":"product","link":"https:\/\/mennur.com.tr\/index.php\/urun\/silindir-kroket\/","title":{"rendered":"Silindir Kroket"},"content":{"rendered":"","protected":false},"excerpt":{"rendered":"<p>\u00dcr\u00fcn Ad\u0131: Silindir Kroket<br \/>\nMarka: SANPA<br \/>\nPaketleme: 2500 Kg l\u0131k Ambalajlarda sat\u0131l\u0131r.<\/p>\n","protected":false},"featured_media":3073,"template":"","meta":[],"product_cat":[37],"product_tag":[],"class_list":["post-3072","product","type-product","status-publish","has-post-thumbnail","hentry","product_cat-donuk"],"_links":{"self":[{"href":"https:\/\/mennur.com.tr\/index.php\/wp-json\/wp\/v2\/product\/3072","targetHints":{"allow":["GET"]}}],"collection":[{"href":"https:\/\/mennur.com.tr\/index.php\/wp-json\/wp\/v2\/product"}],"about":[{"href":"https:\/\/mennur.com.tr\/index.php\/wp-json\/wp\/v2\/types\/product"}],"version-history":[{"count":1,"href":"https:\/\/mennur.com.tr\/index.php\/wp-json\/wp\/v2\/product\/3072\/revisions"}],"predecessor-version":[{"id":3074,"href":"https:\/\/mennur.com.tr\/index.php\/wp-json\/wp\/v2\/product\/3072\/revisions\/3074"}],"wp:featuredmedia":[{"embeddable":true,"href":"https:\/\/mennur.com.tr\/index.php\/wp-json\/wp\/v2\/media\/3073"}],"wp:attachment":[{"href":"https:\/\/mennur.com.tr\/index.php\/wp-json\/wp\/v2\/media?parent=3072"}],"wp:term":[{"taxonomy":"product_cat","embeddable":true,"href":"https:\/\/mennur.com.tr\/index.php\/wp-json\/wp\/v2\/product_cat?post=3072"},{"taxonomy":"product_tag","embeddable":true,"href":"https:\/\/mennur.com.tr\/index.php\/wp-json\/wp\/v2\/product_tag?post=3072"}],"curies":[{"name":"wp","href":"https:\/\/api.w.org\/{rel}","templated":true}]}}