{"id":3078,"date":"2021-06-19T13:37:20","date_gmt":"2021-06-19T13:37:20","guid":{"rendered":"http:\/\/mennur.com.tr\/?post_type=product&#038;p=3078"},"modified":"2021-07-05T13:03:37","modified_gmt":"2021-07-05T13:03:37","slug":"sogan-halkasi","status":"publish","type":"product","link":"https:\/\/mennur.com.tr\/index.php\/urun\/sogan-halkasi\/","title":{"rendered":"So\u011fan Halkas\u0131"},"content":{"rendered":"","protected":false},"excerpt":{"rendered":"<p>\u00dcr\u00fcn Ad\u0131: So\u011fan Halkas\u0131<br \/>\nMarka: SANPA<br \/>\nPaketleme: 1 Kg l\u0131k Ambalajlarda sat\u0131l\u0131r.<\/p>\n","protected":false},"featured_media":3079,"template":"","meta":[],"product_cat":[37],"product_tag":[39],"class_list":["post-3078","product","type-product","status-publish","has-post-thumbnail","hentry","product_cat-donuk","product_tag-donuk-urunler"],"_links":{"self":[{"href":"https:\/\/mennur.com.tr\/index.php\/wp-json\/wp\/v2\/product\/3078","targetHints":{"allow":["GET"]}}],"collection":[{"href":"https:\/\/mennur.com.tr\/index.php\/wp-json\/wp\/v2\/product"}],"about":[{"href":"https:\/\/mennur.com.tr\/index.php\/wp-json\/wp\/v2\/types\/product"}],"version-history":[{"count":1,"href":"https:\/\/mennur.com.tr\/index.php\/wp-json\/wp\/v2\/product\/3078\/revisions"}],"predecessor-version":[{"id":3080,"href":"https:\/\/mennur.com.tr\/index.php\/wp-json\/wp\/v2\/product\/3078\/revisions\/3080"}],"wp:featuredmedia":[{"embeddable":true,"href":"https:\/\/mennur.com.tr\/index.php\/wp-json\/wp\/v2\/media\/3079"}],"wp:attachment":[{"href":"https:\/\/mennur.com.tr\/index.php\/wp-json\/wp\/v2\/media?parent=3078"}],"wp:term":[{"taxonomy":"product_cat","embeddable":true,"href":"https:\/\/mennur.com.tr\/index.php\/wp-json\/wp\/v2\/product_cat?post=3078"},{"taxonomy":"product_tag","embeddable":true,"href":"https:\/\/mennur.com.tr\/index.php\/wp-json\/wp\/v2\/product_tag?post=3078"}],"curies":[{"name":"wp","href":"https:\/\/api.w.org\/{rel}","templated":true}]}}