{"id":3098,"date":"2021-06-19T23:15:14","date_gmt":"2021-06-19T23:15:14","guid":{"rendered":"http:\/\/mennur.com.tr\/?post_type=product&#038;p=3098"},"modified":"2021-07-05T13:04:47","modified_gmt":"2021-07-05T13:04:47","slug":"dondurulmus-bamya","status":"publish","type":"product","link":"https:\/\/mennur.com.tr\/index.php\/urun\/dondurulmus-bamya\/","title":{"rendered":"Dondurulmu\u015f Bamya"},"content":{"rendered":"","protected":false},"excerpt":{"rendered":"<p>\u00dcr\u00fcn Ad\u0131: Dondurulmu\u015f Bamya<\/p>\n<p>Marka: Betka Fresh<\/p>\n<p>Paketleme: 2500 Gr<\/p>\n<p>Boyutlar\u0131:\u00a00-4, 4-7, 5-8 cm<\/p>\n","protected":false},"featured_media":3099,"template":"","meta":[],"product_cat":[37,41],"product_tag":[],"class_list":["post-3098","product","type-product","status-publish","has-post-thumbnail","hentry","product_cat-donuk","product_cat-sebze"],"_links":{"self":[{"href":"https:\/\/mennur.com.tr\/index.php\/wp-json\/wp\/v2\/product\/3098","targetHints":{"allow":["GET"]}}],"collection":[{"href":"https:\/\/mennur.com.tr\/index.php\/wp-json\/wp\/v2\/product"}],"about":[{"href":"https:\/\/mennur.com.tr\/index.php\/wp-json\/wp\/v2\/types\/product"}],"version-history":[{"count":1,"href":"https:\/\/mennur.com.tr\/index.php\/wp-json\/wp\/v2\/product\/3098\/revisions"}],"predecessor-version":[{"id":3100,"href":"https:\/\/mennur.com.tr\/index.php\/wp-json\/wp\/v2\/product\/3098\/revisions\/3100"}],"wp:featuredmedia":[{"embeddable":true,"href":"https:\/\/mennur.com.tr\/index.php\/wp-json\/wp\/v2\/media\/3099"}],"wp:attachment":[{"href":"https:\/\/mennur.com.tr\/index.php\/wp-json\/wp\/v2\/media?parent=3098"}],"wp:term":[{"taxonomy":"product_cat","embeddable":true,"href":"https:\/\/mennur.com.tr\/index.php\/wp-json\/wp\/v2\/product_cat?post=3098"},{"taxonomy":"product_tag","embeddable":true,"href":"https:\/\/mennur.com.tr\/index.php\/wp-json\/wp\/v2\/product_tag?post=3098"}],"curies":[{"name":"wp","href":"https:\/\/api.w.org\/{rel}","templated":true}]}}