{"id":3107,"date":"2021-06-19T23:17:46","date_gmt":"2021-06-19T23:17:46","guid":{"rendered":"http:\/\/mennur.com.tr\/?post_type=product&#038;p=3107"},"modified":"2021-07-05T13:05:09","modified_gmt":"2021-07-05T13:05:09","slug":"dondurulmus-bruksel-lahanasi","status":"publish","type":"product","link":"https:\/\/mennur.com.tr\/index.php\/urun\/dondurulmus-bruksel-lahanasi\/","title":{"rendered":"Dondurulmu\u015f Br\u00fcksel Lahanas\u0131"},"content":{"rendered":"","protected":false},"excerpt":{"rendered":"<p>\u00dcr\u00fcn Ad\u0131: Dondurulmu\u015f Br\u00fcksel Lahanas\u0131<\/p>\n<p>Marka: Betka Fresh<\/p>\n<p>Paketleme: 2500 Gr<\/p>\n<p>Palet \u00f6l\u00e7\u00fcleri:\u00a080&#215;120\/100&#215;120<\/p>\n","protected":false},"featured_media":3094,"template":"","meta":[],"product_cat":[37,41],"product_tag":[],"class_list":["post-3107","product","type-product","status-publish","has-post-thumbnail","hentry","product_cat-donuk","product_cat-sebze"],"_links":{"self":[{"href":"https:\/\/mennur.com.tr\/index.php\/wp-json\/wp\/v2\/product\/3107","targetHints":{"allow":["GET"]}}],"collection":[{"href":"https:\/\/mennur.com.tr\/index.php\/wp-json\/wp\/v2\/product"}],"about":[{"href":"https:\/\/mennur.com.tr\/index.php\/wp-json\/wp\/v2\/types\/product"}],"version-history":[{"count":1,"href":"https:\/\/mennur.com.tr\/index.php\/wp-json\/wp\/v2\/product\/3107\/revisions"}],"predecessor-version":[{"id":3108,"href":"https:\/\/mennur.com.tr\/index.php\/wp-json\/wp\/v2\/product\/3107\/revisions\/3108"}],"wp:featuredmedia":[{"embeddable":true,"href":"https:\/\/mennur.com.tr\/index.php\/wp-json\/wp\/v2\/media\/3094"}],"wp:attachment":[{"href":"https:\/\/mennur.com.tr\/index.php\/wp-json\/wp\/v2\/media?parent=3107"}],"wp:term":[{"taxonomy":"product_cat","embeddable":true,"href":"https:\/\/mennur.com.tr\/index.php\/wp-json\/wp\/v2\/product_cat?post=3107"},{"taxonomy":"product_tag","embeddable":true,"href":"https:\/\/mennur.com.tr\/index.php\/wp-json\/wp\/v2\/product_tag?post=3107"}],"curies":[{"name":"wp","href":"https:\/\/api.w.org\/{rel}","templated":true}]}}