{"id":3109,"date":"2021-06-19T23:18:38","date_gmt":"2021-06-19T23:18:38","guid":{"rendered":"http:\/\/mennur.com.tr\/?post_type=product&#038;p=3109"},"modified":"2021-07-05T13:05:17","modified_gmt":"2021-07-05T13:05:17","slug":"dondurulmus-ispanak","status":"publish","type":"product","link":"https:\/\/mennur.com.tr\/index.php\/urun\/dondurulmus-ispanak\/","title":{"rendered":"Dondurulmu\u015f Ispanak"},"content":{"rendered":"","protected":false},"excerpt":{"rendered":"<p>\u00dcr\u00fcn Ad\u0131: Dondurulmu\u015f Ispanak<\/p>\n<p>Marka: Betka Fresh<\/p>\n<p>Paketleme: 2500 Gr<\/p>\n<p>Kesim \u00d6l\u00e7\u00fcleri:\u00a040&#215;40 mm<\/p>\n","protected":false},"featured_media":3092,"template":"","meta":[],"product_cat":[37,41],"product_tag":[],"class_list":["post-3109","product","type-product","status-publish","has-post-thumbnail","hentry","product_cat-donuk","product_cat-sebze"],"_links":{"self":[{"href":"https:\/\/mennur.com.tr\/index.php\/wp-json\/wp\/v2\/product\/3109","targetHints":{"allow":["GET"]}}],"collection":[{"href":"https:\/\/mennur.com.tr\/index.php\/wp-json\/wp\/v2\/product"}],"about":[{"href":"https:\/\/mennur.com.tr\/index.php\/wp-json\/wp\/v2\/types\/product"}],"version-history":[{"count":1,"href":"https:\/\/mennur.com.tr\/index.php\/wp-json\/wp\/v2\/product\/3109\/revisions"}],"predecessor-version":[{"id":3110,"href":"https:\/\/mennur.com.tr\/index.php\/wp-json\/wp\/v2\/product\/3109\/revisions\/3110"}],"wp:featuredmedia":[{"embeddable":true,"href":"https:\/\/mennur.com.tr\/index.php\/wp-json\/wp\/v2\/media\/3092"}],"wp:attachment":[{"href":"https:\/\/mennur.com.tr\/index.php\/wp-json\/wp\/v2\/media?parent=3109"}],"wp:term":[{"taxonomy":"product_cat","embeddable":true,"href":"https:\/\/mennur.com.tr\/index.php\/wp-json\/wp\/v2\/product_cat?post=3109"},{"taxonomy":"product_tag","embeddable":true,"href":"https:\/\/mennur.com.tr\/index.php\/wp-json\/wp\/v2\/product_tag?post=3109"}],"curies":[{"name":"wp","href":"https:\/\/api.w.org\/{rel}","templated":true}]}}