{"id":3113,"date":"2021-06-19T23:20:19","date_gmt":"2021-06-19T23:20:19","guid":{"rendered":"http:\/\/mennur.com.tr\/?post_type=product&#038;p=3113"},"modified":"2021-07-05T13:05:30","modified_gmt":"2021-07-05T13:05:30","slug":"dondurulmus-sebze-mix","status":"publish","type":"product","link":"https:\/\/mennur.com.tr\/index.php\/urun\/dondurulmus-sebze-mix\/","title":{"rendered":"Dondurulmu\u015f Sebze Mix"},"content":{"rendered":"","protected":false},"excerpt":{"rendered":"<p>\u00dcr\u00fcn Ad\u0131: Dondurulmu\u015f Sebze Mix<\/p>\n<p>\u0130\u00e7erik: Ha\u015flanm\u0131\u015f Karnabahar Brokoli, 4-6cm Orbit Fasulye, 6mm \u015eerit Havu\u00e7<\/p>\n<p>Marka: Betka Fresh<\/p>\n<p>Paketleme: 2500 Gr<\/p>\n","protected":false},"featured_media":3086,"template":"","meta":[],"product_cat":[37,41],"product_tag":[],"class_list":["post-3113","product","type-product","status-publish","has-post-thumbnail","hentry","product_cat-donuk","product_cat-sebze"],"_links":{"self":[{"href":"https:\/\/mennur.com.tr\/index.php\/wp-json\/wp\/v2\/product\/3113","targetHints":{"allow":["GET"]}}],"collection":[{"href":"https:\/\/mennur.com.tr\/index.php\/wp-json\/wp\/v2\/product"}],"about":[{"href":"https:\/\/mennur.com.tr\/index.php\/wp-json\/wp\/v2\/types\/product"}],"version-history":[{"count":1,"href":"https:\/\/mennur.com.tr\/index.php\/wp-json\/wp\/v2\/product\/3113\/revisions"}],"predecessor-version":[{"id":3114,"href":"https:\/\/mennur.com.tr\/index.php\/wp-json\/wp\/v2\/product\/3113\/revisions\/3114"}],"wp:featuredmedia":[{"embeddable":true,"href":"https:\/\/mennur.com.tr\/index.php\/wp-json\/wp\/v2\/media\/3086"}],"wp:attachment":[{"href":"https:\/\/mennur.com.tr\/index.php\/wp-json\/wp\/v2\/media?parent=3113"}],"wp:term":[{"taxonomy":"product_cat","embeddable":true,"href":"https:\/\/mennur.com.tr\/index.php\/wp-json\/wp\/v2\/product_cat?post=3113"},{"taxonomy":"product_tag","embeddable":true,"href":"https:\/\/mennur.com.tr\/index.php\/wp-json\/wp\/v2\/product_tag?post=3113"}],"curies":[{"name":"wp","href":"https:\/\/api.w.org\/{rel}","templated":true}]}}