{"id":3115,"date":"2021-06-19T23:20:58","date_gmt":"2021-06-19T23:20:58","guid":{"rendered":"http:\/\/mennur.com.tr\/?post_type=product&#038;p=3115"},"modified":"2021-07-05T13:05:37","modified_gmt":"2021-07-05T13:05:37","slug":"dondurulmus-biber-mix-serit-biber","status":"publish","type":"product","link":"https:\/\/mennur.com.tr\/index.php\/urun\/dondurulmus-biber-mix-serit-biber\/","title":{"rendered":"Dondurulmu\u015f Biber Mix \/ \u015eerit Biber"},"content":{"rendered":"","protected":false},"excerpt":{"rendered":"<p>\u00dcr\u00fcn Ad\u0131: Dondurulmu\u015f Biber Mix \/ \u015eerit Biber<\/p>\n<p>\u0130\u00e7erik: 6mm \u015eerit K\u0131rm\u0131z\u0131\/Ye\u015fil\/Sar\u0131 Biber)<\/p>\n<p>Marka: Betka Fresh<\/p>\n<p>Paketleme: 2500 Gr<\/p>\n","protected":false},"featured_media":3087,"template":"","meta":[],"product_cat":[37,41],"product_tag":[],"class_list":["post-3115","product","type-product","status-publish","has-post-thumbnail","hentry","product_cat-donuk","product_cat-sebze"],"_links":{"self":[{"href":"https:\/\/mennur.com.tr\/index.php\/wp-json\/wp\/v2\/product\/3115","targetHints":{"allow":["GET"]}}],"collection":[{"href":"https:\/\/mennur.com.tr\/index.php\/wp-json\/wp\/v2\/product"}],"about":[{"href":"https:\/\/mennur.com.tr\/index.php\/wp-json\/wp\/v2\/types\/product"}],"version-history":[{"count":1,"href":"https:\/\/mennur.com.tr\/index.php\/wp-json\/wp\/v2\/product\/3115\/revisions"}],"predecessor-version":[{"id":3116,"href":"https:\/\/mennur.com.tr\/index.php\/wp-json\/wp\/v2\/product\/3115\/revisions\/3116"}],"wp:featuredmedia":[{"embeddable":true,"href":"https:\/\/mennur.com.tr\/index.php\/wp-json\/wp\/v2\/media\/3087"}],"wp:attachment":[{"href":"https:\/\/mennur.com.tr\/index.php\/wp-json\/wp\/v2\/media?parent=3115"}],"wp:term":[{"taxonomy":"product_cat","embeddable":true,"href":"https:\/\/mennur.com.tr\/index.php\/wp-json\/wp\/v2\/product_cat?post=3115"},{"taxonomy":"product_tag","embeddable":true,"href":"https:\/\/mennur.com.tr\/index.php\/wp-json\/wp\/v2\/product_tag?post=3115"}],"curies":[{"name":"wp","href":"https:\/\/api.w.org\/{rel}","templated":true}]}}