{"id":3117,"date":"2021-06-19T23:21:34","date_gmt":"2021-06-19T23:21:34","guid":{"rendered":"http:\/\/mennur.com.tr\/?post_type=product&#038;p=3117"},"modified":"2021-07-05T13:05:42","modified_gmt":"2021-07-05T13:05:42","slug":"dondurulmus-garnitur","status":"publish","type":"product","link":"https:\/\/mennur.com.tr\/index.php\/urun\/dondurulmus-garnitur\/","title":{"rendered":"Dondurulmu\u015f Garnit\u00fcr"},"content":{"rendered":"","protected":false},"excerpt":{"rendered":"<p>\u00dcr\u00fcn Ad\u0131: Dondurulmu\u015f Garnit\u00fcr<\/p>\n<p>\u0130\u00e7erik: \u00a0Ha\u015flanm\u0131\u015f (10&#215;10 mm K\u00fcp Havu\u00e7, Bezelye, 10&#215;10 mm K\u00fcp Patates)<\/p>\n<p>Marka: Betka Fresh<\/p>\n<p>Paketleme: 2500 Gr<\/p>\n","protected":false},"featured_media":3093,"template":"","meta":[],"product_cat":[37,41],"product_tag":[],"class_list":["post-3117","product","type-product","status-publish","has-post-thumbnail","hentry","product_cat-donuk","product_cat-sebze"],"_links":{"self":[{"href":"https:\/\/mennur.com.tr\/index.php\/wp-json\/wp\/v2\/product\/3117","targetHints":{"allow":["GET"]}}],"collection":[{"href":"https:\/\/mennur.com.tr\/index.php\/wp-json\/wp\/v2\/product"}],"about":[{"href":"https:\/\/mennur.com.tr\/index.php\/wp-json\/wp\/v2\/types\/product"}],"version-history":[{"count":1,"href":"https:\/\/mennur.com.tr\/index.php\/wp-json\/wp\/v2\/product\/3117\/revisions"}],"predecessor-version":[{"id":3118,"href":"https:\/\/mennur.com.tr\/index.php\/wp-json\/wp\/v2\/product\/3117\/revisions\/3118"}],"wp:featuredmedia":[{"embeddable":true,"href":"https:\/\/mennur.com.tr\/index.php\/wp-json\/wp\/v2\/media\/3093"}],"wp:attachment":[{"href":"https:\/\/mennur.com.tr\/index.php\/wp-json\/wp\/v2\/media?parent=3117"}],"wp:term":[{"taxonomy":"product_cat","embeddable":true,"href":"https:\/\/mennur.com.tr\/index.php\/wp-json\/wp\/v2\/product_cat?post=3117"},{"taxonomy":"product_tag","embeddable":true,"href":"https:\/\/mennur.com.tr\/index.php\/wp-json\/wp\/v2\/product_tag?post=3117"}],"curies":[{"name":"wp","href":"https:\/\/api.w.org\/{rel}","templated":true}]}}