{"id":3119,"date":"2021-06-19T23:22:27","date_gmt":"2021-06-19T23:22:27","guid":{"rendered":"http:\/\/mennur.com.tr\/?post_type=product&#038;p=3119"},"modified":"2021-07-05T13:05:49","modified_gmt":"2021-07-05T13:05:49","slug":"dondurulmus-tane-misir","status":"publish","type":"product","link":"https:\/\/mennur.com.tr\/index.php\/urun\/dondurulmus-tane-misir\/","title":{"rendered":"Dondurulmu\u015f Tane M\u0131s\u0131r"},"content":{"rendered":"","protected":false},"excerpt":{"rendered":"<p>\u00dcr\u00fcn Ad\u0131: Dondurulmu\u015f Tane M\u0131s\u0131r<\/p>\n<p>\u0130\u00e7erik: \u00a0Ha\u015flanm\u0131\u015f M\u0131s\u0131r<\/p>\n<p>Marka: Betka Fresh<\/p>\n<p>Paketleme: 2500 Gr<\/p>\n","protected":false},"featured_media":3090,"template":"","meta":[],"product_cat":[37,41],"product_tag":[],"class_list":["post-3119","product","type-product","status-publish","has-post-thumbnail","hentry","product_cat-donuk","product_cat-sebze"],"_links":{"self":[{"href":"https:\/\/mennur.com.tr\/index.php\/wp-json\/wp\/v2\/product\/3119","targetHints":{"allow":["GET"]}}],"collection":[{"href":"https:\/\/mennur.com.tr\/index.php\/wp-json\/wp\/v2\/product"}],"about":[{"href":"https:\/\/mennur.com.tr\/index.php\/wp-json\/wp\/v2\/types\/product"}],"version-history":[{"count":1,"href":"https:\/\/mennur.com.tr\/index.php\/wp-json\/wp\/v2\/product\/3119\/revisions"}],"predecessor-version":[{"id":3120,"href":"https:\/\/mennur.com.tr\/index.php\/wp-json\/wp\/v2\/product\/3119\/revisions\/3120"}],"wp:featuredmedia":[{"embeddable":true,"href":"https:\/\/mennur.com.tr\/index.php\/wp-json\/wp\/v2\/media\/3090"}],"wp:attachment":[{"href":"https:\/\/mennur.com.tr\/index.php\/wp-json\/wp\/v2\/media?parent=3119"}],"wp:term":[{"taxonomy":"product_cat","embeddable":true,"href":"https:\/\/mennur.com.tr\/index.php\/wp-json\/wp\/v2\/product_cat?post=3119"},{"taxonomy":"product_tag","embeddable":true,"href":"https:\/\/mennur.com.tr\/index.php\/wp-json\/wp\/v2\/product_tag?post=3119"}],"curies":[{"name":"wp","href":"https:\/\/api.w.org\/{rel}","templated":true}]}}