{"id":3123,"date":"2021-06-19T23:23:40","date_gmt":"2021-06-19T23:23:40","guid":{"rendered":"http:\/\/mennur.com.tr\/?post_type=product&#038;p=3123"},"modified":"2021-07-05T13:06:04","modified_gmt":"2021-07-05T13:06:04","slug":"dondurulmus-bogurtlen","status":"publish","type":"product","link":"https:\/\/mennur.com.tr\/index.php\/urun\/dondurulmus-bogurtlen\/","title":{"rendered":"Dondurulmu\u015f B\u00f6\u011f\u00fcrtlen"},"content":{"rendered":"","protected":false},"excerpt":{"rendered":"<p>\u00dcr\u00fcn Ad\u0131: Dondurulmu\u015f B\u00f6\u011f\u00fcrtlen<\/p>\n<p>\u0130\u00e7erik: \u00a0Temizlenmi\u015f, B\u00fct\u00fcn<\/p>\n<p>Marka: Betka Fresh<\/p>\n<p>Paketleme: 2500 Gr<\/p>\n","protected":false},"featured_media":3097,"template":"","meta":[],"product_cat":[37,42],"product_tag":[],"class_list":["post-3123","product","type-product","status-publish","has-post-thumbnail","hentry","product_cat-donuk","product_cat-meyve"],"_links":{"self":[{"href":"https:\/\/mennur.com.tr\/index.php\/wp-json\/wp\/v2\/product\/3123","targetHints":{"allow":["GET"]}}],"collection":[{"href":"https:\/\/mennur.com.tr\/index.php\/wp-json\/wp\/v2\/product"}],"about":[{"href":"https:\/\/mennur.com.tr\/index.php\/wp-json\/wp\/v2\/types\/product"}],"version-history":[{"count":1,"href":"https:\/\/mennur.com.tr\/index.php\/wp-json\/wp\/v2\/product\/3123\/revisions"}],"predecessor-version":[{"id":3124,"href":"https:\/\/mennur.com.tr\/index.php\/wp-json\/wp\/v2\/product\/3123\/revisions\/3124"}],"wp:featuredmedia":[{"embeddable":true,"href":"https:\/\/mennur.com.tr\/index.php\/wp-json\/wp\/v2\/media\/3097"}],"wp:attachment":[{"href":"https:\/\/mennur.com.tr\/index.php\/wp-json\/wp\/v2\/media?parent=3123"}],"wp:term":[{"taxonomy":"product_cat","embeddable":true,"href":"https:\/\/mennur.com.tr\/index.php\/wp-json\/wp\/v2\/product_cat?post=3123"},{"taxonomy":"product_tag","embeddable":true,"href":"https:\/\/mennur.com.tr\/index.php\/wp-json\/wp\/v2\/product_tag?post=3123"}],"curies":[{"name":"wp","href":"https:\/\/api.w.org\/{rel}","templated":true}]}}