{"id":3128,"date":"2021-06-19T23:31:29","date_gmt":"2021-06-19T23:31:29","guid":{"rendered":"http:\/\/mennur.com.tr\/?post_type=product&#038;p=3128"},"modified":"2021-06-19T23:31:29","modified_gmt":"2021-06-19T23:31:29","slug":"dana-fistikli-macar-salam","status":"publish","type":"product","link":"https:\/\/mennur.com.tr\/index.php\/urun\/dana-fistikli-macar-salam\/","title":{"rendered":"Dana F\u0131st\u0131kl\u0131 Macar Salam"},"content":{"rendered":"","protected":false},"excerpt":{"rendered":"<p>\u00dcr\u00fcn Ad\u0131: %100 Dana F\u0131st\u0131kl\u0131 Macar Salam<\/p>\n<p>Marka: Polonez<\/p>\n<p>Paketleme: 1000 Gr Rulo Ambalaj<\/p>\n","protected":false},"featured_media":3129,"template":"","meta":[],"product_cat":[38],"product_tag":[],"class_list":["post-3128","product","type-product","status-publish","has-post-thumbnail","hentry","product_cat-et"],"_links":{"self":[{"href":"https:\/\/mennur.com.tr\/index.php\/wp-json\/wp\/v2\/product\/3128","targetHints":{"allow":["GET"]}}],"collection":[{"href":"https:\/\/mennur.com.tr\/index.php\/wp-json\/wp\/v2\/product"}],"about":[{"href":"https:\/\/mennur.com.tr\/index.php\/wp-json\/wp\/v2\/types\/product"}],"version-history":[{"count":1,"href":"https:\/\/mennur.com.tr\/index.php\/wp-json\/wp\/v2\/product\/3128\/revisions"}],"predecessor-version":[{"id":3130,"href":"https:\/\/mennur.com.tr\/index.php\/wp-json\/wp\/v2\/product\/3128\/revisions\/3130"}],"wp:featuredmedia":[{"embeddable":true,"href":"https:\/\/mennur.com.tr\/index.php\/wp-json\/wp\/v2\/media\/3129"}],"wp:attachment":[{"href":"https:\/\/mennur.com.tr\/index.php\/wp-json\/wp\/v2\/media?parent=3128"}],"wp:term":[{"taxonomy":"product_cat","embeddable":true,"href":"https:\/\/mennur.com.tr\/index.php\/wp-json\/wp\/v2\/product_cat?post=3128"},{"taxonomy":"product_tag","embeddable":true,"href":"https:\/\/mennur.com.tr\/index.php\/wp-json\/wp\/v2\/product_tag?post=3128"}],"curies":[{"name":"wp","href":"https:\/\/api.w.org\/{rel}","templated":true}]}}