{"id":3134,"date":"2021-06-19T23:33:02","date_gmt":"2021-06-19T23:33:02","guid":{"rendered":"http:\/\/mennur.com.tr\/?post_type=product&#038;p=3134"},"modified":"2021-07-05T10:44:58","modified_gmt":"2021-07-05T10:44:58","slug":"dana-uzun-barbeku-sosis","status":"publish","type":"product","link":"https:\/\/mennur.com.tr\/index.php\/urun\/dana-uzun-barbeku-sosis\/","title":{"rendered":"Dana Uzun\/Barbek\u00fc Sosis"},"content":{"rendered":"","protected":false},"excerpt":{"rendered":"<p>\u00dcr\u00fcn Ad\u0131: %100 Dana Uzun\/Barbek\u00fc Sosis<\/p>\n<p>Marka: Polonez<\/p>\n<p>Paketleme: 500 Gr K\u00fcvet<\/p>\n","protected":false},"featured_media":3135,"template":"","meta":[],"product_cat":[38],"product_tag":[],"class_list":["post-3134","product","type-product","status-publish","has-post-thumbnail","hentry","product_cat-et"],"_links":{"self":[{"href":"https:\/\/mennur.com.tr\/index.php\/wp-json\/wp\/v2\/product\/3134","targetHints":{"allow":["GET"]}}],"collection":[{"href":"https:\/\/mennur.com.tr\/index.php\/wp-json\/wp\/v2\/product"}],"about":[{"href":"https:\/\/mennur.com.tr\/index.php\/wp-json\/wp\/v2\/types\/product"}],"version-history":[{"count":1,"href":"https:\/\/mennur.com.tr\/index.php\/wp-json\/wp\/v2\/product\/3134\/revisions"}],"predecessor-version":[{"id":3136,"href":"https:\/\/mennur.com.tr\/index.php\/wp-json\/wp\/v2\/product\/3134\/revisions\/3136"}],"wp:featuredmedia":[{"embeddable":true,"href":"https:\/\/mennur.com.tr\/index.php\/wp-json\/wp\/v2\/media\/3135"}],"wp:attachment":[{"href":"https:\/\/mennur.com.tr\/index.php\/wp-json\/wp\/v2\/media?parent=3134"}],"wp:term":[{"taxonomy":"product_cat","embeddable":true,"href":"https:\/\/mennur.com.tr\/index.php\/wp-json\/wp\/v2\/product_cat?post=3134"},{"taxonomy":"product_tag","embeddable":true,"href":"https:\/\/mennur.com.tr\/index.php\/wp-json\/wp\/v2\/product_tag?post=3134"}],"curies":[{"name":"wp","href":"https:\/\/api.w.org\/{rel}","templated":true}]}}