{"id":3137,"date":"2021-06-19T23:33:42","date_gmt":"2021-06-19T23:33:42","guid":{"rendered":"http:\/\/mennur.com.tr\/?post_type=product&#038;p=3137"},"modified":"2021-06-19T23:33:42","modified_gmt":"2021-06-19T23:33:42","slug":"dana-jambon","status":"publish","type":"product","link":"https:\/\/mennur.com.tr\/index.php\/urun\/dana-jambon\/","title":{"rendered":"Dana JAMBON"},"content":{"rendered":"","protected":false},"excerpt":{"rendered":"<p>\u00dcr\u00fcn Ad\u0131: %100 Dana JAMBON<\/p>\n<p>Marka: Polonez<\/p>\n<p>Paketleme: 3-4 Kg aras\u0131 gramaj\u0131 de\u011fi\u015fmektedir.<\/p>\n","protected":false},"featured_media":3138,"template":"","meta":[],"product_cat":[38],"product_tag":[],"class_list":["post-3137","product","type-product","status-publish","has-post-thumbnail","hentry","product_cat-et"],"_links":{"self":[{"href":"https:\/\/mennur.com.tr\/index.php\/wp-json\/wp\/v2\/product\/3137","targetHints":{"allow":["GET"]}}],"collection":[{"href":"https:\/\/mennur.com.tr\/index.php\/wp-json\/wp\/v2\/product"}],"about":[{"href":"https:\/\/mennur.com.tr\/index.php\/wp-json\/wp\/v2\/types\/product"}],"version-history":[{"count":1,"href":"https:\/\/mennur.com.tr\/index.php\/wp-json\/wp\/v2\/product\/3137\/revisions"}],"predecessor-version":[{"id":3139,"href":"https:\/\/mennur.com.tr\/index.php\/wp-json\/wp\/v2\/product\/3137\/revisions\/3139"}],"wp:featuredmedia":[{"embeddable":true,"href":"https:\/\/mennur.com.tr\/index.php\/wp-json\/wp\/v2\/media\/3138"}],"wp:attachment":[{"href":"https:\/\/mennur.com.tr\/index.php\/wp-json\/wp\/v2\/media?parent=3137"}],"wp:term":[{"taxonomy":"product_cat","embeddable":true,"href":"https:\/\/mennur.com.tr\/index.php\/wp-json\/wp\/v2\/product_cat?post=3137"},{"taxonomy":"product_tag","embeddable":true,"href":"https:\/\/mennur.com.tr\/index.php\/wp-json\/wp\/v2\/product_tag?post=3137"}],"curies":[{"name":"wp","href":"https:\/\/api.w.org\/{rel}","templated":true}]}}