{"id":3140,"date":"2021-06-19T23:34:31","date_gmt":"2021-06-19T23:34:31","guid":{"rendered":"http:\/\/mennur.com.tr\/?post_type=product&#038;p=3140"},"modified":"2021-06-19T23:34:31","modified_gmt":"2021-06-19T23:34:31","slug":"dana-fume-eti","status":"publish","type":"product","link":"https:\/\/mennur.com.tr\/index.php\/urun\/dana-fume-eti\/","title":{"rendered":"Dana F\u00fcme Eti"},"content":{"rendered":"","protected":false},"excerpt":{"rendered":"<p>\u00dcr\u00fcn Ad\u0131: %100 Dana F\u00fcme Eti<\/p>\n<p>Marka: Polonez<\/p>\n<p>Paketleme: Dilimlenmi\u015f \/ 200 Gr<\/p>\n","protected":false},"featured_media":3141,"template":"","meta":[],"product_cat":[38],"product_tag":[],"class_list":["post-3140","product","type-product","status-publish","has-post-thumbnail","hentry","product_cat-et"],"_links":{"self":[{"href":"https:\/\/mennur.com.tr\/index.php\/wp-json\/wp\/v2\/product\/3140","targetHints":{"allow":["GET"]}}],"collection":[{"href":"https:\/\/mennur.com.tr\/index.php\/wp-json\/wp\/v2\/product"}],"about":[{"href":"https:\/\/mennur.com.tr\/index.php\/wp-json\/wp\/v2\/types\/product"}],"version-history":[{"count":1,"href":"https:\/\/mennur.com.tr\/index.php\/wp-json\/wp\/v2\/product\/3140\/revisions"}],"predecessor-version":[{"id":3142,"href":"https:\/\/mennur.com.tr\/index.php\/wp-json\/wp\/v2\/product\/3140\/revisions\/3142"}],"wp:featuredmedia":[{"embeddable":true,"href":"https:\/\/mennur.com.tr\/index.php\/wp-json\/wp\/v2\/media\/3141"}],"wp:attachment":[{"href":"https:\/\/mennur.com.tr\/index.php\/wp-json\/wp\/v2\/media?parent=3140"}],"wp:term":[{"taxonomy":"product_cat","embeddable":true,"href":"https:\/\/mennur.com.tr\/index.php\/wp-json\/wp\/v2\/product_cat?post=3140"},{"taxonomy":"product_tag","embeddable":true,"href":"https:\/\/mennur.com.tr\/index.php\/wp-json\/wp\/v2\/product_tag?post=3140"}],"curies":[{"name":"wp","href":"https:\/\/api.w.org\/{rel}","templated":true}]}}