{"id":3143,"date":"2021-06-19T23:35:14","date_gmt":"2021-06-19T23:35:14","guid":{"rendered":"http:\/\/mennur.com.tr\/?post_type=product&#038;p=3143"},"modified":"2021-06-19T23:35:14","modified_gmt":"2021-06-19T23:35:14","slug":"dana-kangal-sucuk-2","status":"publish","type":"product","link":"https:\/\/mennur.com.tr\/index.php\/urun\/dana-kangal-sucuk-2\/","title":{"rendered":"Dana Kangal Sucuk"},"content":{"rendered":"","protected":false},"excerpt":{"rendered":"<p>\u00dcr\u00fcn Ad\u0131: %100 Dana Kangal Sucuk<\/p>\n<p>Marka: Ba\u015fyaz\u0131c\u0131<\/p>\n<p>Paketleme: Tekli Ambalaj<\/p>\n<p>Gramaj: Tart\u0131larak Sat\u0131l\u0131r.<\/p>\n","protected":false},"featured_media":3144,"template":"","meta":[],"product_cat":[38],"product_tag":[],"class_list":["post-3143","product","type-product","status-publish","has-post-thumbnail","hentry","product_cat-et"],"_links":{"self":[{"href":"https:\/\/mennur.com.tr\/index.php\/wp-json\/wp\/v2\/product\/3143","targetHints":{"allow":["GET"]}}],"collection":[{"href":"https:\/\/mennur.com.tr\/index.php\/wp-json\/wp\/v2\/product"}],"about":[{"href":"https:\/\/mennur.com.tr\/index.php\/wp-json\/wp\/v2\/types\/product"}],"version-history":[{"count":1,"href":"https:\/\/mennur.com.tr\/index.php\/wp-json\/wp\/v2\/product\/3143\/revisions"}],"predecessor-version":[{"id":3145,"href":"https:\/\/mennur.com.tr\/index.php\/wp-json\/wp\/v2\/product\/3143\/revisions\/3145"}],"wp:featuredmedia":[{"embeddable":true,"href":"https:\/\/mennur.com.tr\/index.php\/wp-json\/wp\/v2\/media\/3144"}],"wp:attachment":[{"href":"https:\/\/mennur.com.tr\/index.php\/wp-json\/wp\/v2\/media?parent=3143"}],"wp:term":[{"taxonomy":"product_cat","embeddable":true,"href":"https:\/\/mennur.com.tr\/index.php\/wp-json\/wp\/v2\/product_cat?post=3143"},{"taxonomy":"product_tag","embeddable":true,"href":"https:\/\/mennur.com.tr\/index.php\/wp-json\/wp\/v2\/product_tag?post=3143"}],"curies":[{"name":"wp","href":"https:\/\/api.w.org\/{rel}","templated":true}]}}