{"id":3146,"date":"2021-06-19T23:35:52","date_gmt":"2021-06-19T23:35:52","guid":{"rendered":"http:\/\/mennur.com.tr\/?post_type=product&#038;p=3146"},"modified":"2021-06-19T23:35:53","modified_gmt":"2021-06-19T23:35:53","slug":"dana-fistikli-salam","status":"publish","type":"product","link":"https:\/\/mennur.com.tr\/index.php\/urun\/dana-fistikli-salam\/","title":{"rendered":"Dana F\u0131st\u0131kl\u0131 Salam"},"content":{"rendered":"","protected":false},"excerpt":{"rendered":"<p>\u00dcr\u00fcn Ad\u0131: %100 Dana F\u0131st\u0131kl\u0131 Salam<\/p>\n<p>Marka: Ba\u015fyaz\u0131c\u0131<\/p>\n<p>Paketleme: 900 Gr Rulo Ambalaj<\/p>\n","protected":false},"featured_media":3147,"template":"","meta":[],"product_cat":[38],"product_tag":[],"class_list":["post-3146","product","type-product","status-publish","has-post-thumbnail","hentry","product_cat-et"],"_links":{"self":[{"href":"https:\/\/mennur.com.tr\/index.php\/wp-json\/wp\/v2\/product\/3146","targetHints":{"allow":["GET"]}}],"collection":[{"href":"https:\/\/mennur.com.tr\/index.php\/wp-json\/wp\/v2\/product"}],"about":[{"href":"https:\/\/mennur.com.tr\/index.php\/wp-json\/wp\/v2\/types\/product"}],"version-history":[{"count":1,"href":"https:\/\/mennur.com.tr\/index.php\/wp-json\/wp\/v2\/product\/3146\/revisions"}],"predecessor-version":[{"id":3148,"href":"https:\/\/mennur.com.tr\/index.php\/wp-json\/wp\/v2\/product\/3146\/revisions\/3148"}],"wp:featuredmedia":[{"embeddable":true,"href":"https:\/\/mennur.com.tr\/index.php\/wp-json\/wp\/v2\/media\/3147"}],"wp:attachment":[{"href":"https:\/\/mennur.com.tr\/index.php\/wp-json\/wp\/v2\/media?parent=3146"}],"wp:term":[{"taxonomy":"product_cat","embeddable":true,"href":"https:\/\/mennur.com.tr\/index.php\/wp-json\/wp\/v2\/product_cat?post=3146"},{"taxonomy":"product_tag","embeddable":true,"href":"https:\/\/mennur.com.tr\/index.php\/wp-json\/wp\/v2\/product_tag?post=3146"}],"curies":[{"name":"wp","href":"https:\/\/api.w.org\/{rel}","templated":true}]}}