{"id":3149,"date":"2021-06-19T23:36:30","date_gmt":"2021-06-19T23:36:30","guid":{"rendered":"http:\/\/mennur.com.tr\/?post_type=product&#038;p=3149"},"modified":"2021-06-19T23:36:30","modified_gmt":"2021-06-19T23:36:30","slug":"dana-uzun-sosis","status":"publish","type":"product","link":"https:\/\/mennur.com.tr\/index.php\/urun\/dana-uzun-sosis\/","title":{"rendered":"Dana Uzun Sosis"},"content":{"rendered":"","protected":false},"excerpt":{"rendered":"<p>\u00dcr\u00fcn Ad\u0131: %100 Dana Uzun Sosis<\/p>\n<p>Marka: Ba\u015fyaz\u0131c\u0131<\/p>\n<p>Paketleme: 800 Gr Paket<\/p>\n","protected":false},"featured_media":3150,"template":"","meta":[],"product_cat":[38],"product_tag":[],"class_list":["post-3149","product","type-product","status-publish","has-post-thumbnail","hentry","product_cat-et"],"_links":{"self":[{"href":"https:\/\/mennur.com.tr\/index.php\/wp-json\/wp\/v2\/product\/3149","targetHints":{"allow":["GET"]}}],"collection":[{"href":"https:\/\/mennur.com.tr\/index.php\/wp-json\/wp\/v2\/product"}],"about":[{"href":"https:\/\/mennur.com.tr\/index.php\/wp-json\/wp\/v2\/types\/product"}],"version-history":[{"count":1,"href":"https:\/\/mennur.com.tr\/index.php\/wp-json\/wp\/v2\/product\/3149\/revisions"}],"predecessor-version":[{"id":3151,"href":"https:\/\/mennur.com.tr\/index.php\/wp-json\/wp\/v2\/product\/3149\/revisions\/3151"}],"wp:featuredmedia":[{"embeddable":true,"href":"https:\/\/mennur.com.tr\/index.php\/wp-json\/wp\/v2\/media\/3150"}],"wp:attachment":[{"href":"https:\/\/mennur.com.tr\/index.php\/wp-json\/wp\/v2\/media?parent=3149"}],"wp:term":[{"taxonomy":"product_cat","embeddable":true,"href":"https:\/\/mennur.com.tr\/index.php\/wp-json\/wp\/v2\/product_cat?post=3149"},{"taxonomy":"product_tag","embeddable":true,"href":"https:\/\/mennur.com.tr\/index.php\/wp-json\/wp\/v2\/product_tag?post=3149"}],"curies":[{"name":"wp","href":"https:\/\/api.w.org\/{rel}","templated":true}]}}