{"id":3152,"date":"2021-06-19T23:37:07","date_gmt":"2021-06-19T23:37:07","guid":{"rendered":"http:\/\/mennur.com.tr\/?post_type=product&#038;p=3152"},"modified":"2021-06-19T23:37:07","modified_gmt":"2021-06-19T23:37:07","slug":"dana-pastirma","status":"publish","type":"product","link":"https:\/\/mennur.com.tr\/index.php\/urun\/dana-pastirma\/","title":{"rendered":"Dana Past\u0131rma"},"content":{"rendered":"","protected":false},"excerpt":{"rendered":"<p>\u00dcr\u00fcn Ad\u0131: %100 Dana Past\u0131rma<\/p>\n<p>Marka: Ba\u015fyaz\u0131c\u0131<\/p>\n<p>Paketleme: Dilimlenmi\u015f \/ 100 Gr<\/p>\n","protected":false},"featured_media":3153,"template":"","meta":[],"product_cat":[38],"product_tag":[],"class_list":["post-3152","product","type-product","status-publish","has-post-thumbnail","hentry","product_cat-et"],"_links":{"self":[{"href":"https:\/\/mennur.com.tr\/index.php\/wp-json\/wp\/v2\/product\/3152","targetHints":{"allow":["GET"]}}],"collection":[{"href":"https:\/\/mennur.com.tr\/index.php\/wp-json\/wp\/v2\/product"}],"about":[{"href":"https:\/\/mennur.com.tr\/index.php\/wp-json\/wp\/v2\/types\/product"}],"version-history":[{"count":1,"href":"https:\/\/mennur.com.tr\/index.php\/wp-json\/wp\/v2\/product\/3152\/revisions"}],"predecessor-version":[{"id":3154,"href":"https:\/\/mennur.com.tr\/index.php\/wp-json\/wp\/v2\/product\/3152\/revisions\/3154"}],"wp:featuredmedia":[{"embeddable":true,"href":"https:\/\/mennur.com.tr\/index.php\/wp-json\/wp\/v2\/media\/3153"}],"wp:attachment":[{"href":"https:\/\/mennur.com.tr\/index.php\/wp-json\/wp\/v2\/media?parent=3152"}],"wp:term":[{"taxonomy":"product_cat","embeddable":true,"href":"https:\/\/mennur.com.tr\/index.php\/wp-json\/wp\/v2\/product_cat?post=3152"},{"taxonomy":"product_tag","embeddable":true,"href":"https:\/\/mennur.com.tr\/index.php\/wp-json\/wp\/v2\/product_tag?post=3152"}],"curies":[{"name":"wp","href":"https:\/\/api.w.org\/{rel}","templated":true}]}}