{"id":3155,"date":"2021-06-19T23:38:32","date_gmt":"2021-06-19T23:38:32","guid":{"rendered":"http:\/\/mennur.com.tr\/?post_type=product&#038;p=3155"},"modified":"2021-06-19T23:38:32","modified_gmt":"2021-06-19T23:38:32","slug":"dana-kavurma","status":"publish","type":"product","link":"https:\/\/mennur.com.tr\/index.php\/urun\/dana-kavurma\/","title":{"rendered":"Dana Kavurma"},"content":{"rendered":"","protected":false},"excerpt":{"rendered":"<p>\u00dcr\u00fcn Ad\u0131: %100 Dana Kavurma<\/p>\n<p>Marka: Ba\u015fyaz\u0131c\u0131<\/p>\n<p>Paketleme: Dilim- 100 Gr<\/p>\n","protected":false},"featured_media":3156,"template":"","meta":[],"product_cat":[38],"product_tag":[],"class_list":["post-3155","product","type-product","status-publish","has-post-thumbnail","hentry","product_cat-et"],"_links":{"self":[{"href":"https:\/\/mennur.com.tr\/index.php\/wp-json\/wp\/v2\/product\/3155","targetHints":{"allow":["GET"]}}],"collection":[{"href":"https:\/\/mennur.com.tr\/index.php\/wp-json\/wp\/v2\/product"}],"about":[{"href":"https:\/\/mennur.com.tr\/index.php\/wp-json\/wp\/v2\/types\/product"}],"version-history":[{"count":1,"href":"https:\/\/mennur.com.tr\/index.php\/wp-json\/wp\/v2\/product\/3155\/revisions"}],"predecessor-version":[{"id":3157,"href":"https:\/\/mennur.com.tr\/index.php\/wp-json\/wp\/v2\/product\/3155\/revisions\/3157"}],"wp:featuredmedia":[{"embeddable":true,"href":"https:\/\/mennur.com.tr\/index.php\/wp-json\/wp\/v2\/media\/3156"}],"wp:attachment":[{"href":"https:\/\/mennur.com.tr\/index.php\/wp-json\/wp\/v2\/media?parent=3155"}],"wp:term":[{"taxonomy":"product_cat","embeddable":true,"href":"https:\/\/mennur.com.tr\/index.php\/wp-json\/wp\/v2\/product_cat?post=3155"},{"taxonomy":"product_tag","embeddable":true,"href":"https:\/\/mennur.com.tr\/index.php\/wp-json\/wp\/v2\/product_tag?post=3155"}],"curies":[{"name":"wp","href":"https:\/\/api.w.org\/{rel}","templated":true}]}}