{"id":3158,"date":"2021-06-19T23:39:13","date_gmt":"2021-06-19T23:39:13","guid":{"rendered":"http:\/\/mennur.com.tr\/?post_type=product&#038;p=3158"},"modified":"2021-06-19T23:39:13","modified_gmt":"2021-06-19T23:39:13","slug":"dana-blok-kavurma","status":"publish","type":"product","link":"https:\/\/mennur.com.tr\/index.php\/urun\/dana-blok-kavurma\/","title":{"rendered":"Dana Blok Kavurma"},"content":{"rendered":"","protected":false},"excerpt":{"rendered":"<p>\u00dcr\u00fcn Ad\u0131: %100 Dana Blok Kavurma<\/p>\n<p>Marka: Ba\u015fyaz\u0131c\u0131<\/p>\n<p>Paketleme: \u0130nce \u2013 Orta \u2013 B\u00fcy\u00fck Rulo Paketleme<\/p>\n","protected":false},"featured_media":3159,"template":"","meta":[],"product_cat":[38],"product_tag":[],"class_list":["post-3158","product","type-product","status-publish","has-post-thumbnail","hentry","product_cat-et"],"_links":{"self":[{"href":"https:\/\/mennur.com.tr\/index.php\/wp-json\/wp\/v2\/product\/3158","targetHints":{"allow":["GET"]}}],"collection":[{"href":"https:\/\/mennur.com.tr\/index.php\/wp-json\/wp\/v2\/product"}],"about":[{"href":"https:\/\/mennur.com.tr\/index.php\/wp-json\/wp\/v2\/types\/product"}],"version-history":[{"count":1,"href":"https:\/\/mennur.com.tr\/index.php\/wp-json\/wp\/v2\/product\/3158\/revisions"}],"predecessor-version":[{"id":3160,"href":"https:\/\/mennur.com.tr\/index.php\/wp-json\/wp\/v2\/product\/3158\/revisions\/3160"}],"wp:featuredmedia":[{"embeddable":true,"href":"https:\/\/mennur.com.tr\/index.php\/wp-json\/wp\/v2\/media\/3159"}],"wp:attachment":[{"href":"https:\/\/mennur.com.tr\/index.php\/wp-json\/wp\/v2\/media?parent=3158"}],"wp:term":[{"taxonomy":"product_cat","embeddable":true,"href":"https:\/\/mennur.com.tr\/index.php\/wp-json\/wp\/v2\/product_cat?post=3158"},{"taxonomy":"product_tag","embeddable":true,"href":"https:\/\/mennur.com.tr\/index.php\/wp-json\/wp\/v2\/product_tag?post=3158"}],"curies":[{"name":"wp","href":"https:\/\/api.w.org\/{rel}","templated":true}]}}