{"id":3164,"date":"2021-06-20T00:15:56","date_gmt":"2021-06-20T00:15:56","guid":{"rendered":"http:\/\/mennur.com.tr\/?post_type=product&#038;p=3164"},"modified":"2021-06-20T00:15:56","modified_gmt":"2021-06-20T00:15:56","slug":"tavuk-bulyon-750-gr","status":"publish","type":"product","link":"https:\/\/mennur.com.tr\/index.php\/urun\/tavuk-bulyon-750-gr\/","title":{"rendered":"Tavuk Bulyon 750 GR"},"content":{"rendered":"","protected":false},"excerpt":{"rendered":"<p>\u00dcr\u00fcn Ad\u0131: Tavuk Bulyon 750 GR<\/p>\n<p>Marka: MAGG\u0130<\/p>\n<p><strong>\u0130\u00e7erik:<\/strong> Tavuk eti i\u00e7eri\u011fiyle; \u00e7orba, pilav, makarna ve tavuk yemeklerinize tat vermenizi sa\u011flar. Geleneksel y\u00f6ntemlerle kurutulan malzemeler kullan\u0131larak, koruyucu eklenmeden haz\u0131rlanm\u0131\u015ft\u0131r.<\/p>\n<p>Parlak ve p\u00fcr\u00fczs\u00fcz g\u00f6r\u00fcn\u00fcm\u00fcyle y\u00fcksek kaliteli tavuk suyu elde etmenizi sa\u011flar. Rengi pilav\u0131 sarartmaz; i\u00e7erdi\u011fi ya\u011f damlac\u0131klar\u0131 sayesinde \u00a0parlakl\u0131k verir.<\/p>\n<p>750 g tavuk bulyon = 37,5 litre tavuk suyu<\/p>\n","protected":false},"featured_media":3165,"template":"","meta":[],"product_cat":[43,36],"product_tag":[],"class_list":["post-3164","product","type-product","status-publish","has-post-thumbnail","hentry","product_cat-maggi","product_cat-nestle"],"_links":{"self":[{"href":"https:\/\/mennur.com.tr\/index.php\/wp-json\/wp\/v2\/product\/3164","targetHints":{"allow":["GET"]}}],"collection":[{"href":"https:\/\/mennur.com.tr\/index.php\/wp-json\/wp\/v2\/product"}],"about":[{"href":"https:\/\/mennur.com.tr\/index.php\/wp-json\/wp\/v2\/types\/product"}],"version-history":[{"count":1,"href":"https:\/\/mennur.com.tr\/index.php\/wp-json\/wp\/v2\/product\/3164\/revisions"}],"predecessor-version":[{"id":3166,"href":"https:\/\/mennur.com.tr\/index.php\/wp-json\/wp\/v2\/product\/3164\/revisions\/3166"}],"wp:featuredmedia":[{"embeddable":true,"href":"https:\/\/mennur.com.tr\/index.php\/wp-json\/wp\/v2\/media\/3165"}],"wp:attachment":[{"href":"https:\/\/mennur.com.tr\/index.php\/wp-json\/wp\/v2\/media?parent=3164"}],"wp:term":[{"taxonomy":"product_cat","embeddable":true,"href":"https:\/\/mennur.com.tr\/index.php\/wp-json\/wp\/v2\/product_cat?post=3164"},{"taxonomy":"product_tag","embeddable":true,"href":"https:\/\/mennur.com.tr\/index.php\/wp-json\/wp\/v2\/product_tag?post=3164"}],"curies":[{"name":"wp","href":"https:\/\/api.w.org\/{rel}","templated":true}]}}