{"id":3168,"date":"2021-06-20T00:17:21","date_gmt":"2021-06-20T00:17:21","guid":{"rendered":"http:\/\/mennur.com.tr\/?post_type=product&#038;p=3168"},"modified":"2021-06-20T00:17:21","modified_gmt":"2021-06-20T00:17:21","slug":"et-bulyon-5kg","status":"publish","type":"product","link":"https:\/\/mennur.com.tr\/index.php\/urun\/et-bulyon-5kg\/","title":{"rendered":"Et Bulyon 5KG"},"content":{"rendered":"","protected":false},"excerpt":{"rendered":"<p>\u00dcr\u00fcn Ad\u0131: Et Bulyon 5KG<\/p>\n<p>Marka: MAGG\u0130<\/p>\n<p><strong>\u0130\u00e7erik:<\/strong> Dana eti i\u00e7eri\u011fiyle; \u00e7orba, pilav, makarna ve et yemeklerinize tat vermenizi sa\u011flar. Geleneksel y\u00f6ntemlerle kurutulan malzemeler kullan\u0131larak, koruyucu eklenmeden haz\u0131rlanm\u0131\u015ft\u0131r.<\/p>\n<p>Parlak ve p\u00fcr\u00fczs\u00fcz g\u00f6r\u00fcn\u00fcm\u00fcyle y\u00fcksek kaliteli et suyu elde etmenizi sa\u011flar. Rengi pilav\u0131 sarartmaz; i\u00e7erdi\u011fi ya\u011f damlac\u0131klar\u0131 sayesinde \u00a0parlakl\u0131k verir.<\/p>\n<p>5kg et bulyon = 250 litre et suyu<\/p>\n","protected":false},"featured_media":3162,"template":"","meta":[],"product_cat":[43,36],"product_tag":[],"class_list":["post-3168","product","type-product","status-publish","has-post-thumbnail","hentry","product_cat-maggi","product_cat-nestle"],"_links":{"self":[{"href":"https:\/\/mennur.com.tr\/index.php\/wp-json\/wp\/v2\/product\/3168","targetHints":{"allow":["GET"]}}],"collection":[{"href":"https:\/\/mennur.com.tr\/index.php\/wp-json\/wp\/v2\/product"}],"about":[{"href":"https:\/\/mennur.com.tr\/index.php\/wp-json\/wp\/v2\/types\/product"}],"version-history":[{"count":1,"href":"https:\/\/mennur.com.tr\/index.php\/wp-json\/wp\/v2\/product\/3168\/revisions"}],"predecessor-version":[{"id":3169,"href":"https:\/\/mennur.com.tr\/index.php\/wp-json\/wp\/v2\/product\/3168\/revisions\/3169"}],"wp:featuredmedia":[{"embeddable":true,"href":"https:\/\/mennur.com.tr\/index.php\/wp-json\/wp\/v2\/media\/3162"}],"wp:attachment":[{"href":"https:\/\/mennur.com.tr\/index.php\/wp-json\/wp\/v2\/media?parent=3168"}],"wp:term":[{"taxonomy":"product_cat","embeddable":true,"href":"https:\/\/mennur.com.tr\/index.php\/wp-json\/wp\/v2\/product_cat?post=3168"},{"taxonomy":"product_tag","embeddable":true,"href":"https:\/\/mennur.com.tr\/index.php\/wp-json\/wp\/v2\/product_tag?post=3168"}],"curies":[{"name":"wp","href":"https:\/\/api.w.org\/{rel}","templated":true}]}}