{"id":3176,"date":"2021-06-20T00:20:36","date_gmt":"2021-06-20T00:20:36","guid":{"rendered":"http:\/\/mennur.com.tr\/?post_type=product&#038;p=3176"},"modified":"2021-06-20T00:20:37","modified_gmt":"2021-06-20T00:20:37","slug":"sebzeli-cesni-750-gr","status":"publish","type":"product","link":"https:\/\/mennur.com.tr\/index.php\/urun\/sebzeli-cesni-750-gr\/","title":{"rendered":"Sebzeli \u00c7e\u015fni 750 GR"},"content":{"rendered":"","protected":false},"excerpt":{"rendered":"<p>\u00dcr\u00fcn Ad\u0131: Sebzeli \u00c7e\u015fni 750 GR<\/p>\n<p>Marka: MAGG\u0130<\/p>\n<p><strong>\u0130\u00e7erik:<\/strong> Zengin sebze i\u00e7eri\u011fi ve dengeli tad\u0131yla \u00e7orba, pilav, makarna, \u0131zgara, k\u0131zartma ve salatalar\u0131n\u0131za tat vermenizi sa\u011flar.<\/p>\n<p>Hi\u00e7bir koruyucu i\u00e7ermez.<\/p>\n","protected":false},"featured_media":3177,"template":"","meta":[],"product_cat":[43,36],"product_tag":[],"class_list":["post-3176","product","type-product","status-publish","has-post-thumbnail","hentry","product_cat-maggi","product_cat-nestle"],"_links":{"self":[{"href":"https:\/\/mennur.com.tr\/index.php\/wp-json\/wp\/v2\/product\/3176","targetHints":{"allow":["GET"]}}],"collection":[{"href":"https:\/\/mennur.com.tr\/index.php\/wp-json\/wp\/v2\/product"}],"about":[{"href":"https:\/\/mennur.com.tr\/index.php\/wp-json\/wp\/v2\/types\/product"}],"version-history":[{"count":1,"href":"https:\/\/mennur.com.tr\/index.php\/wp-json\/wp\/v2\/product\/3176\/revisions"}],"predecessor-version":[{"id":3178,"href":"https:\/\/mennur.com.tr\/index.php\/wp-json\/wp\/v2\/product\/3176\/revisions\/3178"}],"wp:featuredmedia":[{"embeddable":true,"href":"https:\/\/mennur.com.tr\/index.php\/wp-json\/wp\/v2\/media\/3177"}],"wp:attachment":[{"href":"https:\/\/mennur.com.tr\/index.php\/wp-json\/wp\/v2\/media?parent=3176"}],"wp:term":[{"taxonomy":"product_cat","embeddable":true,"href":"https:\/\/mennur.com.tr\/index.php\/wp-json\/wp\/v2\/product_cat?post=3176"},{"taxonomy":"product_tag","embeddable":true,"href":"https:\/\/mennur.com.tr\/index.php\/wp-json\/wp\/v2\/product_tag?post=3176"}],"curies":[{"name":"wp","href":"https:\/\/api.w.org\/{rel}","templated":true}]}}