{"id":3179,"date":"2021-06-20T00:21:31","date_gmt":"2021-06-20T00:21:31","guid":{"rendered":"http:\/\/mennur.com.tr\/?post_type=product&#038;p=3179"},"modified":"2021-06-20T00:21:32","modified_gmt":"2021-06-20T00:21:32","slug":"patates-puresi-45-kg","status":"publish","type":"product","link":"https:\/\/mennur.com.tr\/index.php\/urun\/patates-puresi-45-kg\/","title":{"rendered":"Patates P\u00fcresi 4,5 Kg"},"content":{"rendered":"","protected":false},"excerpt":{"rendered":"<p>\u00dcr\u00fcn Ad\u0131: Patates P\u00fcresi 4,5 Kg<\/p>\n<p>Marka: MAGG\u0130<\/p>\n<p><strong>\u0130\u00e7erik:<\/strong> %86 ile piyasadaki en y\u00fcksek patates oran\u0131 i\u00e7eren \u00fcr\u00fcn\u00fcd\u00fcr.<\/p>\n<p>%6 oran\u0131nda s\u00fct ve ayr\u0131ca tereya\u011f\u0131 i\u00e7erir. Sadece s\u0131cak su eklenip kar\u0131\u015ft\u0131r\u0131larak haz\u0131rland\u0131\u011f\u0131 i\u00e7in her defas\u0131nda ayn\u0131 m\u00fckemmel lezzete ula\u015fman\u0131z\u0131 sa\u011flar.<\/p>\n<p>1 paket ile 625 porsiyon p\u00fcre k\u0131sa s\u00fcrede haz\u0131rlan\u0131r. (40g\/1 porsiyon).<\/p>\n<p>Renklendiri ve koruyucu i\u00e7ermez.<\/p>\n","protected":false},"featured_media":3180,"template":"","meta":[],"product_cat":[43,36],"product_tag":[],"class_list":["post-3179","product","type-product","status-publish","has-post-thumbnail","hentry","product_cat-maggi","product_cat-nestle"],"_links":{"self":[{"href":"https:\/\/mennur.com.tr\/index.php\/wp-json\/wp\/v2\/product\/3179","targetHints":{"allow":["GET"]}}],"collection":[{"href":"https:\/\/mennur.com.tr\/index.php\/wp-json\/wp\/v2\/product"}],"about":[{"href":"https:\/\/mennur.com.tr\/index.php\/wp-json\/wp\/v2\/types\/product"}],"version-history":[{"count":1,"href":"https:\/\/mennur.com.tr\/index.php\/wp-json\/wp\/v2\/product\/3179\/revisions"}],"predecessor-version":[{"id":3181,"href":"https:\/\/mennur.com.tr\/index.php\/wp-json\/wp\/v2\/product\/3179\/revisions\/3181"}],"wp:featuredmedia":[{"embeddable":true,"href":"https:\/\/mennur.com.tr\/index.php\/wp-json\/wp\/v2\/media\/3180"}],"wp:attachment":[{"href":"https:\/\/mennur.com.tr\/index.php\/wp-json\/wp\/v2\/media?parent=3179"}],"wp:term":[{"taxonomy":"product_cat","embeddable":true,"href":"https:\/\/mennur.com.tr\/index.php\/wp-json\/wp\/v2\/product_cat?post=3179"},{"taxonomy":"product_tag","embeddable":true,"href":"https:\/\/mennur.com.tr\/index.php\/wp-json\/wp\/v2\/product_tag?post=3179"}],"curies":[{"name":"wp","href":"https:\/\/api.w.org\/{rel}","templated":true}]}}