{"id":3182,"date":"2021-06-20T00:22:59","date_gmt":"2021-06-20T00:22:59","guid":{"rendered":"http:\/\/mennur.com.tr\/?post_type=product&#038;p=3182"},"modified":"2021-06-20T00:23:00","modified_gmt":"2021-06-20T00:23:00","slug":"kakaolu-findik-kremasi-5kg","status":"publish","type":"product","link":"https:\/\/mennur.com.tr\/index.php\/urun\/kakaolu-findik-kremasi-5kg\/","title":{"rendered":"Kakaolu F\u0131nd\u0131k Kremas\u0131 5kg"},"content":{"rendered":"","protected":false},"excerpt":{"rendered":"<p><strong>\u00dcr\u00fcn Ad\u0131:<\/strong> Professional Kakaolu F\u0131nd\u0131k Kremas\u0131 5kg<\/p>\n<p><strong>Marka:<\/strong> NESTLE<\/p>\n<p><strong>Tan\u0131t\u0131m: <\/strong>\u00a0Nestl\u00e9 Professional Kakaolu F\u0131nd\u0131k Kremas\u0131 trans ya\u011f i\u00e7ermez. Kahvalt\u0131larda, \u00e7ikolata \u015felalesinde ve bir\u00e7ok pastac\u0131l\u0131k \u00fcr\u00fcnlerinde sos ve dolgu malzemesi olarak kullan\u0131labilir.Renklendiri ve koruyucu i\u00e7ermez.<\/p>\n","protected":false},"featured_media":3183,"template":"","meta":[],"product_cat":[36,44],"product_tag":[],"class_list":["post-3182","product","type-product","status-publish","has-post-thumbnail","hentry","product_cat-nestle","product_cat-tatli-cikolata"],"_links":{"self":[{"href":"https:\/\/mennur.com.tr\/index.php\/wp-json\/wp\/v2\/product\/3182","targetHints":{"allow":["GET"]}}],"collection":[{"href":"https:\/\/mennur.com.tr\/index.php\/wp-json\/wp\/v2\/product"}],"about":[{"href":"https:\/\/mennur.com.tr\/index.php\/wp-json\/wp\/v2\/types\/product"}],"version-history":[{"count":1,"href":"https:\/\/mennur.com.tr\/index.php\/wp-json\/wp\/v2\/product\/3182\/revisions"}],"predecessor-version":[{"id":3184,"href":"https:\/\/mennur.com.tr\/index.php\/wp-json\/wp\/v2\/product\/3182\/revisions\/3184"}],"wp:featuredmedia":[{"embeddable":true,"href":"https:\/\/mennur.com.tr\/index.php\/wp-json\/wp\/v2\/media\/3183"}],"wp:attachment":[{"href":"https:\/\/mennur.com.tr\/index.php\/wp-json\/wp\/v2\/media?parent=3182"}],"wp:term":[{"taxonomy":"product_cat","embeddable":true,"href":"https:\/\/mennur.com.tr\/index.php\/wp-json\/wp\/v2\/product_cat?post=3182"},{"taxonomy":"product_tag","embeddable":true,"href":"https:\/\/mennur.com.tr\/index.php\/wp-json\/wp\/v2\/product_tag?post=3182"}],"curies":[{"name":"wp","href":"https:\/\/api.w.org\/{rel}","templated":true}]}}