{"id":3188,"date":"2021-06-20T00:27:48","date_gmt":"2021-06-20T00:27:48","guid":{"rendered":"http:\/\/mennur.com.tr\/?post_type=product&#038;p=3188"},"modified":"2021-07-05T10:44:46","modified_gmt":"2021-07-05T10:44:46","slug":"waffle-cikolata-10-kg","status":"publish","type":"product","link":"https:\/\/mennur.com.tr\/index.php\/urun\/waffle-cikolata-10-kg\/","title":{"rendered":"Waffle \u00c7ikolata 10 kg"},"content":{"rendered":"","protected":false},"excerpt":{"rendered":"<p><strong>\u00dcr\u00fcn Ad\u0131:<\/strong> Professional Waffle \u00c7ikolata 10 kg<\/p>\n<p><strong>Marka:<\/strong> NESTLE<\/p>\n<p><strong>Tan\u0131t\u0131m: <\/strong>\u00a0Nestl\u00e9 Professional\u00a0Waffle, waffle ve krep kullan\u0131m\u0131 i\u00e7in \u00f6zel \u00fcretilmi\u015ftir.<\/p>\n<p>-%4.8 Kakao tozu,<\/p>\n<p>-F\u0131nd\u0131k P\u00fcresi ve<\/p>\n<p>-Ya\u011fsiz s\u00fct tozu i\u00e7erir.<\/p>\n<p>-Trans ya\u011f i\u00e7ermez.<\/p>\n","protected":false},"featured_media":3189,"template":"","meta":[],"product_cat":[36,44],"product_tag":[],"class_list":["post-3188","product","type-product","status-publish","has-post-thumbnail","hentry","product_cat-nestle","product_cat-tatli-cikolata"],"_links":{"self":[{"href":"https:\/\/mennur.com.tr\/index.php\/wp-json\/wp\/v2\/product\/3188","targetHints":{"allow":["GET"]}}],"collection":[{"href":"https:\/\/mennur.com.tr\/index.php\/wp-json\/wp\/v2\/product"}],"about":[{"href":"https:\/\/mennur.com.tr\/index.php\/wp-json\/wp\/v2\/types\/product"}],"version-history":[{"count":1,"href":"https:\/\/mennur.com.tr\/index.php\/wp-json\/wp\/v2\/product\/3188\/revisions"}],"predecessor-version":[{"id":3190,"href":"https:\/\/mennur.com.tr\/index.php\/wp-json\/wp\/v2\/product\/3188\/revisions\/3190"}],"wp:featuredmedia":[{"embeddable":true,"href":"https:\/\/mennur.com.tr\/index.php\/wp-json\/wp\/v2\/media\/3189"}],"wp:attachment":[{"href":"https:\/\/mennur.com.tr\/index.php\/wp-json\/wp\/v2\/media?parent=3188"}],"wp:term":[{"taxonomy":"product_cat","embeddable":true,"href":"https:\/\/mennur.com.tr\/index.php\/wp-json\/wp\/v2\/product_cat?post=3188"},{"taxonomy":"product_tag","embeddable":true,"href":"https:\/\/mennur.com.tr\/index.php\/wp-json\/wp\/v2\/product_tag?post=3188"}],"curies":[{"name":"wp","href":"https:\/\/api.w.org\/{rel}","templated":true}]}}