{"id":3191,"date":"2021-06-20T00:28:50","date_gmt":"2021-06-20T00:28:50","guid":{"rendered":"http:\/\/mennur.com.tr\/?post_type=product&#038;p=3191"},"modified":"2021-06-20T00:28:51","modified_gmt":"2021-06-20T00:28:51","slug":"nestle-kakao-1kg","status":"publish","type":"product","link":"https:\/\/mennur.com.tr\/index.php\/urun\/nestle-kakao-1kg\/","title":{"rendered":"Nestl\u00e9 Kakao 1kg"},"content":{"rendered":"","protected":false},"excerpt":{"rendered":"<p><strong>\u00dcr\u00fcn Ad\u0131:<\/strong> Nestl\u00e9 Kakao 1kg<\/p>\n<p><strong>Marka:<\/strong> NESTLE<\/p>\n<p><strong>Tan\u0131t\u0131m: <\/strong>\u00a0Nestl\u00e9 Kakao, e\u015fsiz tad\u0131, kokusu ve rengiyle bir\u00e7ok \u00e7ikolata, tatl\u0131 ve pastac\u0131l\u0131k \u00fcr\u00fcnlerinde harikalar yarat\u0131yor..<\/p>\n<p>%100 KAKAO*<\/p>\n<p>*Ya\u011f\u0131 Azalt\u0131lm\u0131\u015f Kakao Tozu<\/p>\n","protected":false},"featured_media":3192,"template":"","meta":[],"product_cat":[36,44],"product_tag":[],"class_list":["post-3191","product","type-product","status-publish","has-post-thumbnail","hentry","product_cat-nestle","product_cat-tatli-cikolata"],"_links":{"self":[{"href":"https:\/\/mennur.com.tr\/index.php\/wp-json\/wp\/v2\/product\/3191","targetHints":{"allow":["GET"]}}],"collection":[{"href":"https:\/\/mennur.com.tr\/index.php\/wp-json\/wp\/v2\/product"}],"about":[{"href":"https:\/\/mennur.com.tr\/index.php\/wp-json\/wp\/v2\/types\/product"}],"version-history":[{"count":1,"href":"https:\/\/mennur.com.tr\/index.php\/wp-json\/wp\/v2\/product\/3191\/revisions"}],"predecessor-version":[{"id":3193,"href":"https:\/\/mennur.com.tr\/index.php\/wp-json\/wp\/v2\/product\/3191\/revisions\/3193"}],"wp:featuredmedia":[{"embeddable":true,"href":"https:\/\/mennur.com.tr\/index.php\/wp-json\/wp\/v2\/media\/3192"}],"wp:attachment":[{"href":"https:\/\/mennur.com.tr\/index.php\/wp-json\/wp\/v2\/media?parent=3191"}],"wp:term":[{"taxonomy":"product_cat","embeddable":true,"href":"https:\/\/mennur.com.tr\/index.php\/wp-json\/wp\/v2\/product_cat?post=3191"},{"taxonomy":"product_tag","embeddable":true,"href":"https:\/\/mennur.com.tr\/index.php\/wp-json\/wp\/v2\/product_tag?post=3191"}],"curies":[{"name":"wp","href":"https:\/\/api.w.org\/{rel}","templated":true}]}}