{"id":3201,"date":"2021-06-20T00:32:08","date_gmt":"2021-06-20T00:32:08","guid":{"rendered":"http:\/\/mennur.com.tr\/?post_type=product&#038;p=3201"},"modified":"2021-06-20T00:32:09","modified_gmt":"2021-06-20T00:32:09","slug":"nestle-1927-beyaz-kuvertur-25-kg","status":"publish","type":"product","link":"https:\/\/mennur.com.tr\/index.php\/urun\/nestle-1927-beyaz-kuvertur-25-kg\/","title":{"rendered":"Nestl\u00e9 1927 Beyaz Kuvert\u00fcr 2,5 kg"},"content":{"rendered":"","protected":false},"excerpt":{"rendered":"<p><strong>\u00dcr\u00fcn Ad\u0131:<\/strong> Nestl\u00e9 1927 Beyaz Kuvert\u00fcr 2,5 kg<\/p>\n<p><strong>Marka:<\/strong> NESTLE<\/p>\n<p><strong>Tan\u0131t\u0131m: <\/strong>\u00a0Nestl\u00e9 Kuvertur, m\u00fckemmel k\u0131vam\u0131, parlak rengi, \u00a0kolay i\u015flenen \u00e7ikolata dokusu ve \u00fcst\u00fcn lezzeti ile bir\u00e7ok \u00e7ikolata ve pastac\u0131l\u0131k \u00fcr\u00fcn\u00fcnde kullan\u0131labilir.<\/p>\n<p>Eritilerek pasta \u00fczerinde kullan\u0131labildi\u011fi gibi sos olarak kek ve tatl\u0131lar\u0131n da ana malzemesi olan Nestl\u00e9 Docello Beyaz Kuvert\u00fcr ile muhte\u015fem tatlar yaratabilirsiniz.<\/p>\n","protected":false},"featured_media":3202,"template":"","meta":[],"product_cat":[36,44],"product_tag":[],"class_list":["post-3201","product","type-product","status-publish","has-post-thumbnail","hentry","product_cat-nestle","product_cat-tatli-cikolata"],"_links":{"self":[{"href":"https:\/\/mennur.com.tr\/index.php\/wp-json\/wp\/v2\/product\/3201","targetHints":{"allow":["GET"]}}],"collection":[{"href":"https:\/\/mennur.com.tr\/index.php\/wp-json\/wp\/v2\/product"}],"about":[{"href":"https:\/\/mennur.com.tr\/index.php\/wp-json\/wp\/v2\/types\/product"}],"version-history":[{"count":1,"href":"https:\/\/mennur.com.tr\/index.php\/wp-json\/wp\/v2\/product\/3201\/revisions"}],"predecessor-version":[{"id":3203,"href":"https:\/\/mennur.com.tr\/index.php\/wp-json\/wp\/v2\/product\/3201\/revisions\/3203"}],"wp:featuredmedia":[{"embeddable":true,"href":"https:\/\/mennur.com.tr\/index.php\/wp-json\/wp\/v2\/media\/3202"}],"wp:attachment":[{"href":"https:\/\/mennur.com.tr\/index.php\/wp-json\/wp\/v2\/media?parent=3201"}],"wp:term":[{"taxonomy":"product_cat","embeddable":true,"href":"https:\/\/mennur.com.tr\/index.php\/wp-json\/wp\/v2\/product_cat?post=3201"},{"taxonomy":"product_tag","embeddable":true,"href":"https:\/\/mennur.com.tr\/index.php\/wp-json\/wp\/v2\/product_tag?post=3201"}],"curies":[{"name":"wp","href":"https:\/\/api.w.org\/{rel}","templated":true}]}}