{"id":3222,"date":"2021-06-20T00:39:33","date_gmt":"2021-06-20T00:39:33","guid":{"rendered":"http:\/\/mennur.com.tr\/?post_type=product&#038;p=3222"},"modified":"2021-06-20T00:39:33","modified_gmt":"2021-06-20T00:39:33","slug":"nescafe-3u1-arada-original-872x175g","status":"publish","type":"product","link":"https:\/\/mennur.com.tr\/index.php\/urun\/nescafe-3u1-arada-original-872x175g\/","title":{"rendered":"NESCAF\u00c9 3\u00fc1 Arada Original 8(72&#215;17,5g)"},"content":{"rendered":"","protected":false},"excerpt":{"rendered":"<p><strong>\u00dcr\u00fcn Ad\u0131:<\/strong> NESCAF\u00c9 3\u00fc1 Arada Original 8(72&#215;17,5g)<\/p>\n<p><strong>Marka:<\/strong> NESTLE<\/p>\n<p><strong>Tan\u0131t\u0131m: <\/strong>\u00a0Kahve, \u015feker ve yumu\u015fac\u0131k krema tad\u0131n\u0131n m\u00fckemmel kar\u0131\u015f\u0131m\u0131 bu pakette. NESCAF\u00c9 3&#8217;\u00fc 1 Arada Original pratik ve keyifli! Al\u0131\u015ft\u0131\u011f\u0131n\u0131z 3\u00fc1 Arada lezzeti s\u00fcrekli yan\u0131n\u0131zda olsun diye\u2026 Kahve, \u015feker, kahve kremas\u0131 ayar\u0131 tam karar\u0131nda olan bu kahve, molalar\u0131n\u0131za keyif kat\u0131yor.<\/p>\n","protected":false},"featured_media":3223,"template":"","meta":[],"product_cat":[45,36],"product_tag":[],"class_list":["post-3222","product","type-product","status-publish","has-post-thumbnail","hentry","product_cat-kahve","product_cat-nestle"],"_links":{"self":[{"href":"https:\/\/mennur.com.tr\/index.php\/wp-json\/wp\/v2\/product\/3222","targetHints":{"allow":["GET"]}}],"collection":[{"href":"https:\/\/mennur.com.tr\/index.php\/wp-json\/wp\/v2\/product"}],"about":[{"href":"https:\/\/mennur.com.tr\/index.php\/wp-json\/wp\/v2\/types\/product"}],"version-history":[{"count":1,"href":"https:\/\/mennur.com.tr\/index.php\/wp-json\/wp\/v2\/product\/3222\/revisions"}],"predecessor-version":[{"id":3224,"href":"https:\/\/mennur.com.tr\/index.php\/wp-json\/wp\/v2\/product\/3222\/revisions\/3224"}],"wp:featuredmedia":[{"embeddable":true,"href":"https:\/\/mennur.com.tr\/index.php\/wp-json\/wp\/v2\/media\/3223"}],"wp:attachment":[{"href":"https:\/\/mennur.com.tr\/index.php\/wp-json\/wp\/v2\/media?parent=3222"}],"wp:term":[{"taxonomy":"product_cat","embeddable":true,"href":"https:\/\/mennur.com.tr\/index.php\/wp-json\/wp\/v2\/product_cat?post=3222"},{"taxonomy":"product_tag","embeddable":true,"href":"https:\/\/mennur.com.tr\/index.php\/wp-json\/wp\/v2\/product_tag?post=3222"}],"curies":[{"name":"wp","href":"https:\/\/api.w.org\/{rel}","templated":true}]}}