{"id":3225,"date":"2021-06-20T00:45:07","date_gmt":"2021-06-20T00:45:07","guid":{"rendered":"http:\/\/mennur.com.tr\/?post_type=product&#038;p=3225"},"modified":"2021-06-20T00:45:08","modified_gmt":"2021-06-20T00:45:08","slug":"nescafe-3u1-arada-extra-1248x16-5g","status":"publish","type":"product","link":"https:\/\/mennur.com.tr\/index.php\/urun\/nescafe-3u1-arada-extra-1248x16-5g\/","title":{"rendered":"NESCAF\u00c9 3\u00fc1 Arada Extra 12(48&#215;16.5g)"},"content":{"rendered":"","protected":false},"excerpt":{"rendered":"<p><strong>\u00dcr\u00fcn Ad\u0131:<\/strong> NESCAF\u00c9 3\u00fc1 Arada Extra 12(48&#215;16.5g)<\/p>\n<p><strong>Marka:<\/strong> NESTLE<\/p>\n<p><strong>Tan\u0131t\u0131m: <\/strong>\u00a0Kahvesi bol, tad\u0131 karar\u0131nda: NESCAF\u00c9 3\u00fc1 Arada Extra. NESCAF\u00c9 3\u00fc1 Arada Original\u2019e g\u00f6re en az %20 daha fazla kahvesi ile bol kahve tad\u0131n\u0131 tercih edenlere. M\u00fckemmel tad\u0131, kokusu ve k\u0131vam\u0131yla her an yan\u0131nda.<\/p>\n","protected":false},"featured_media":3227,"template":"","meta":[],"product_cat":[45,36],"product_tag":[],"class_list":["post-3225","product","type-product","status-publish","has-post-thumbnail","hentry","product_cat-kahve","product_cat-nestle"],"_links":{"self":[{"href":"https:\/\/mennur.com.tr\/index.php\/wp-json\/wp\/v2\/product\/3225","targetHints":{"allow":["GET"]}}],"collection":[{"href":"https:\/\/mennur.com.tr\/index.php\/wp-json\/wp\/v2\/product"}],"about":[{"href":"https:\/\/mennur.com.tr\/index.php\/wp-json\/wp\/v2\/types\/product"}],"version-history":[{"count":1,"href":"https:\/\/mennur.com.tr\/index.php\/wp-json\/wp\/v2\/product\/3225\/revisions"}],"predecessor-version":[{"id":3228,"href":"https:\/\/mennur.com.tr\/index.php\/wp-json\/wp\/v2\/product\/3225\/revisions\/3228"}],"wp:featuredmedia":[{"embeddable":true,"href":"https:\/\/mennur.com.tr\/index.php\/wp-json\/wp\/v2\/media\/3227"}],"wp:attachment":[{"href":"https:\/\/mennur.com.tr\/index.php\/wp-json\/wp\/v2\/media?parent=3225"}],"wp:term":[{"taxonomy":"product_cat","embeddable":true,"href":"https:\/\/mennur.com.tr\/index.php\/wp-json\/wp\/v2\/product_cat?post=3225"},{"taxonomy":"product_tag","embeddable":true,"href":"https:\/\/mennur.com.tr\/index.php\/wp-json\/wp\/v2\/product_tag?post=3225"}],"curies":[{"name":"wp","href":"https:\/\/api.w.org\/{rel}","templated":true}]}}