{"id":3229,"date":"2021-06-20T00:45:51","date_gmt":"2021-06-20T00:45:51","guid":{"rendered":"http:\/\/mennur.com.tr\/?post_type=product&#038;p=3229"},"modified":"2021-06-20T00:45:51","modified_gmt":"2021-06-20T00:45:51","slug":"nescafe-3u1-arada-sutlu-kopuklu-872x175g","status":"publish","type":"product","link":"https:\/\/mennur.com.tr\/index.php\/urun\/nescafe-3u1-arada-sutlu-kopuklu-872x175g\/","title":{"rendered":"NESCAF\u00c9 3\u00fc1 Arada S\u00fctl\u00fc K\u00f6p\u00fckl\u00fc 8(72&#215;17,5g)"},"content":{"rendered":"","protected":false},"excerpt":{"rendered":"<p><strong>\u00dcr\u00fcn Ad\u0131:<\/strong> NESCAF\u00c9 3\u00fc1 Arada S\u00fctl\u00fc K\u00f6p\u00fckl\u00fc 8(72&#215;17,5g)<\/p>\n<p><strong>Marka:<\/strong> NESTLE<\/p>\n<p><strong>Tan\u0131t\u0131m: <\/strong>\u00a0Bol s\u00fct\u00fc ve k\u00f6p\u00fc\u011f\u00fcyle yumu\u015fac\u0131k i\u00e7imli: NESCAF\u00c9 3\u00fc1 Arada S\u00fctl\u00fc K\u00f6p\u00fckl\u00fc. Kahvesini bol s\u00fctl\u00fc, yumu\u015fak i\u00e7imli ve keyifli k\u00f6p\u00fc\u011f\u00fc ile tercih edenlere. M\u00fckemmel tad\u0131, kokusu ve k\u0131vam\u0131yla her an yan\u0131nda.<\/p>\n","protected":false},"featured_media":3230,"template":"","meta":[],"product_cat":[45,36],"product_tag":[],"class_list":["post-3229","product","type-product","status-publish","has-post-thumbnail","hentry","product_cat-kahve","product_cat-nestle"],"_links":{"self":[{"href":"https:\/\/mennur.com.tr\/index.php\/wp-json\/wp\/v2\/product\/3229","targetHints":{"allow":["GET"]}}],"collection":[{"href":"https:\/\/mennur.com.tr\/index.php\/wp-json\/wp\/v2\/product"}],"about":[{"href":"https:\/\/mennur.com.tr\/index.php\/wp-json\/wp\/v2\/types\/product"}],"version-history":[{"count":1,"href":"https:\/\/mennur.com.tr\/index.php\/wp-json\/wp\/v2\/product\/3229\/revisions"}],"predecessor-version":[{"id":3231,"href":"https:\/\/mennur.com.tr\/index.php\/wp-json\/wp\/v2\/product\/3229\/revisions\/3231"}],"wp:featuredmedia":[{"embeddable":true,"href":"https:\/\/mennur.com.tr\/index.php\/wp-json\/wp\/v2\/media\/3230"}],"wp:attachment":[{"href":"https:\/\/mennur.com.tr\/index.php\/wp-json\/wp\/v2\/media?parent=3229"}],"wp:term":[{"taxonomy":"product_cat","embeddable":true,"href":"https:\/\/mennur.com.tr\/index.php\/wp-json\/wp\/v2\/product_cat?post=3229"},{"taxonomy":"product_tag","embeddable":true,"href":"https:\/\/mennur.com.tr\/index.php\/wp-json\/wp\/v2\/product_tag?post=3229"}],"curies":[{"name":"wp","href":"https:\/\/api.w.org\/{rel}","templated":true}]}}