{"id":3237,"date":"2021-06-20T00:47:57","date_gmt":"2021-06-20T00:47:57","guid":{"rendered":"http:\/\/mennur.com.tr\/?post_type=product&#038;p=3237"},"modified":"2021-06-20T00:47:58","modified_gmt":"2021-06-20T00:47:58","slug":"nestle-sicak-cikolata-1824x185g","status":"publish","type":"product","link":"https:\/\/mennur.com.tr\/index.php\/urun\/nestle-sicak-cikolata-1824x185g\/","title":{"rendered":"Nestl\u00e9 S\u0131cak \u00c7ikolata 18(24&#215;18,5g)"},"content":{"rendered":"","protected":false},"excerpt":{"rendered":"<p><strong>\u00dcr\u00fcn Ad\u0131:<\/strong> Nestl\u00e9 S\u0131cak \u00c7ikolata 18(24&#215;18,5g)<\/p>\n<p><strong>Marka:<\/strong> NESTLE<\/p>\n<p><strong>Tan\u0131t\u0131m: <\/strong>\u00a0\u00c7ikolata\u2026 Kar\u015f\u0131 konulmaz ve gizemli bir lezzet. Yaln\u0131zca dama\u011f\u0131 de\u011fil, a\u011fz\u0131n b\u00fct\u00fcn\u00fcn\u00fc tatland\u0131r\u0131yor, duygular\u0131 harekete ge\u00e7irip mutluluk hormonu salg\u0131lanmas\u0131na neden oluyor. Bug\u00fcne kadar yap\u0131lan pek \u00e7ok ara\u015ft\u0131rma bu ger\u00e7e\u011fi kan\u0131tl\u0131yor.<\/p>\n","protected":false},"featured_media":3238,"template":"","meta":[],"product_cat":[45,36],"product_tag":[],"class_list":["post-3237","product","type-product","status-publish","has-post-thumbnail","hentry","product_cat-kahve","product_cat-nestle"],"_links":{"self":[{"href":"https:\/\/mennur.com.tr\/index.php\/wp-json\/wp\/v2\/product\/3237","targetHints":{"allow":["GET"]}}],"collection":[{"href":"https:\/\/mennur.com.tr\/index.php\/wp-json\/wp\/v2\/product"}],"about":[{"href":"https:\/\/mennur.com.tr\/index.php\/wp-json\/wp\/v2\/types\/product"}],"version-history":[{"count":1,"href":"https:\/\/mennur.com.tr\/index.php\/wp-json\/wp\/v2\/product\/3237\/revisions"}],"predecessor-version":[{"id":3239,"href":"https:\/\/mennur.com.tr\/index.php\/wp-json\/wp\/v2\/product\/3237\/revisions\/3239"}],"wp:featuredmedia":[{"embeddable":true,"href":"https:\/\/mennur.com.tr\/index.php\/wp-json\/wp\/v2\/media\/3238"}],"wp:attachment":[{"href":"https:\/\/mennur.com.tr\/index.php\/wp-json\/wp\/v2\/media?parent=3237"}],"wp:term":[{"taxonomy":"product_cat","embeddable":true,"href":"https:\/\/mennur.com.tr\/index.php\/wp-json\/wp\/v2\/product_cat?post=3237"},{"taxonomy":"product_tag","embeddable":true,"href":"https:\/\/mennur.com.tr\/index.php\/wp-json\/wp\/v2\/product_tag?post=3237"}],"curies":[{"name":"wp","href":"https:\/\/api.w.org\/{rel}","templated":true}]}}