{"id":3243,"date":"2021-06-20T00:49:34","date_gmt":"2021-06-20T00:49:34","guid":{"rendered":"http:\/\/mennur.com.tr\/?post_type=product&#038;p=3243"},"modified":"2021-06-20T00:49:35","modified_gmt":"2021-06-20T00:49:35","slug":"nescafe-classic-200x2g","status":"publish","type":"product","link":"https:\/\/mennur.com.tr\/index.php\/urun\/nescafe-classic-200x2g\/","title":{"rendered":"NESCAF\u00c9 Classic (200x2g)"},"content":{"rendered":"","protected":false},"excerpt":{"rendered":"<p><strong>\u00dcr\u00fcn Ad\u0131:<\/strong> NESCAF\u00c9 Classic (200x2g)<\/p>\n<p><strong>Marka:<\/strong> NESTLE<\/p>\n<p><strong>Tan\u0131t\u0131m: <\/strong>\u00a0NESCAF\u00c9 Classic kaliteli Robusta \u00e7ekirdeklerinden sadece su kullan\u0131larak kahvenin \u00f6z\u00fc \u00e7\u0131kar\u0131larak elde edilir.<br \/>\n\u00d6zel olarak dizayn edilmi\u015f kavanoz ve paketlerinde zengin kahve tad\u0131n\u0131 ve kokusunu uzun s\u00fcre korur.<\/p>\n","protected":false},"featured_media":3244,"template":"","meta":[],"product_cat":[45,36],"product_tag":[],"class_list":["post-3243","product","type-product","status-publish","has-post-thumbnail","hentry","product_cat-kahve","product_cat-nestle"],"_links":{"self":[{"href":"https:\/\/mennur.com.tr\/index.php\/wp-json\/wp\/v2\/product\/3243","targetHints":{"allow":["GET"]}}],"collection":[{"href":"https:\/\/mennur.com.tr\/index.php\/wp-json\/wp\/v2\/product"}],"about":[{"href":"https:\/\/mennur.com.tr\/index.php\/wp-json\/wp\/v2\/types\/product"}],"version-history":[{"count":1,"href":"https:\/\/mennur.com.tr\/index.php\/wp-json\/wp\/v2\/product\/3243\/revisions"}],"predecessor-version":[{"id":3245,"href":"https:\/\/mennur.com.tr\/index.php\/wp-json\/wp\/v2\/product\/3243\/revisions\/3245"}],"wp:featuredmedia":[{"embeddable":true,"href":"https:\/\/mennur.com.tr\/index.php\/wp-json\/wp\/v2\/media\/3244"}],"wp:attachment":[{"href":"https:\/\/mennur.com.tr\/index.php\/wp-json\/wp\/v2\/media?parent=3243"}],"wp:term":[{"taxonomy":"product_cat","embeddable":true,"href":"https:\/\/mennur.com.tr\/index.php\/wp-json\/wp\/v2\/product_cat?post=3243"},{"taxonomy":"product_tag","embeddable":true,"href":"https:\/\/mennur.com.tr\/index.php\/wp-json\/wp\/v2\/product_tag?post=3243"}],"curies":[{"name":"wp","href":"https:\/\/api.w.org\/{rel}","templated":true}]}}