{"id":3246,"date":"2021-06-20T00:50:33","date_gmt":"2021-06-20T00:50:33","guid":{"rendered":"http:\/\/mennur.com.tr\/?post_type=product&#038;p=3246"},"modified":"2021-07-05T10:44:17","modified_gmt":"2021-07-05T10:44:17","slug":"nescafe-classic-teneke-1kg","status":"publish","type":"product","link":"https:\/\/mennur.com.tr\/index.php\/urun\/nescafe-classic-teneke-1kg\/","title":{"rendered":"NESCAF\u00c9 Classic Teneke 1kg"},"content":{"rendered":"","protected":false},"excerpt":{"rendered":"<p><strong>\u00dcr\u00fcn Ad\u0131:<\/strong> NESCAF\u00c9 Classic Teneke 1kg<\/p>\n<p><strong>Marka:<\/strong> NESTLE<\/p>\n<p><strong>Tan\u0131t\u0131m: <\/strong>\u00a0E\u015fsiz Bir Kahve Deneyimi<br \/>\nG\u00fcne NESCAF\u00c9 Classic\u2019in zengin kahve kokusu ve tad\u0131 ile ba\u015flay\u0131n. Dolgun tad\u0131n\u0131 yudumlayarak an\u0131n\u0131za keyif kat\u0131n, kendinizi hayat\u0131n yeni f\u0131rsatlar\u0131na a\u00e7\u0131n.<br \/>\nSize e\u015fsiz bir kahve deneyimi ya\u015fatmak i\u00e7in her zaman kaliteli robusta \u00e7ekirdeklerini \u00f6zenle se\u00e7ip kavuruyoruz, ard\u0131ndan \u00f6zel filtreleme teknolojimizle kahvenizin m\u00fckemmel kokusunu sakl\u0131yoruz.<\/p>\n","protected":false},"featured_media":3248,"template":"","meta":[],"product_cat":[45,36],"product_tag":[],"class_list":["post-3246","product","type-product","status-publish","has-post-thumbnail","hentry","product_cat-kahve","product_cat-nestle"],"_links":{"self":[{"href":"https:\/\/mennur.com.tr\/index.php\/wp-json\/wp\/v2\/product\/3246","targetHints":{"allow":["GET"]}}],"collection":[{"href":"https:\/\/mennur.com.tr\/index.php\/wp-json\/wp\/v2\/product"}],"about":[{"href":"https:\/\/mennur.com.tr\/index.php\/wp-json\/wp\/v2\/types\/product"}],"version-history":[{"count":1,"href":"https:\/\/mennur.com.tr\/index.php\/wp-json\/wp\/v2\/product\/3246\/revisions"}],"predecessor-version":[{"id":3249,"href":"https:\/\/mennur.com.tr\/index.php\/wp-json\/wp\/v2\/product\/3246\/revisions\/3249"}],"wp:featuredmedia":[{"embeddable":true,"href":"https:\/\/mennur.com.tr\/index.php\/wp-json\/wp\/v2\/media\/3248"}],"wp:attachment":[{"href":"https:\/\/mennur.com.tr\/index.php\/wp-json\/wp\/v2\/media?parent=3246"}],"wp:term":[{"taxonomy":"product_cat","embeddable":true,"href":"https:\/\/mennur.com.tr\/index.php\/wp-json\/wp\/v2\/product_cat?post=3246"},{"taxonomy":"product_tag","embeddable":true,"href":"https:\/\/mennur.com.tr\/index.php\/wp-json\/wp\/v2\/product_tag?post=3246"}],"curies":[{"name":"wp","href":"https:\/\/api.w.org\/{rel}","templated":true}]}}