{"id":3250,"date":"2021-06-20T00:51:13","date_gmt":"2021-06-20T00:51:13","guid":{"rendered":"http:\/\/mennur.com.tr\/?post_type=product&#038;p=3250"},"modified":"2021-06-20T00:51:14","modified_gmt":"2021-06-20T00:51:14","slug":"nescafe-gold-teneke-900gr","status":"publish","type":"product","link":"https:\/\/mennur.com.tr\/index.php\/urun\/nescafe-gold-teneke-900gr\/","title":{"rendered":"NESCAF\u00c9 Gold Teneke 900gr"},"content":{"rendered":"","protected":false},"excerpt":{"rendered":"<p><strong>\u00dcr\u00fcn Ad\u0131:<\/strong> NESCAF\u00c9 Gold Teneke 900gr<\/p>\n<p><strong>Marka:<\/strong> NESTLE<\/p>\n<p><strong>Tan\u0131t\u0131m: <\/strong>\u00a0\u00d6zenle se\u00e7ilmi\u015f, y\u00fcksek kalite Arabica ve Robusta \u00e7ekirdeklerinin T\u00fcrkiye\u2019ye \u00f6zel harman\u0131 Y\u00fcksek rak\u0131mlarda yeti\u015fen Arabica \u00e7ekirdeklerini 10 kez daha ince \u00f6\u011f\u00fcterek, \u00e7ekirdeklerin i\u00e7inde gizli kalm\u0131\u015f tad\u0131 ve aroma notalar\u0131n\u0131 ortaya \u00e7\u0131kar\u0131yoruz.<\/p>\n<p>Orta seviyede kavrulmu\u015f Vietnam, Brezilya ve Orta Amerika \u00e7ekirdeklerinin yumu\u015fak i\u00e7im ve ideal yo\u011funlukta kahve tad\u0131, zengin aromas\u0131.<\/p>\n","protected":false},"featured_media":3247,"template":"","meta":[],"product_cat":[45,36],"product_tag":[],"class_list":["post-3250","product","type-product","status-publish","has-post-thumbnail","hentry","product_cat-kahve","product_cat-nestle"],"_links":{"self":[{"href":"https:\/\/mennur.com.tr\/index.php\/wp-json\/wp\/v2\/product\/3250","targetHints":{"allow":["GET"]}}],"collection":[{"href":"https:\/\/mennur.com.tr\/index.php\/wp-json\/wp\/v2\/product"}],"about":[{"href":"https:\/\/mennur.com.tr\/index.php\/wp-json\/wp\/v2\/types\/product"}],"version-history":[{"count":1,"href":"https:\/\/mennur.com.tr\/index.php\/wp-json\/wp\/v2\/product\/3250\/revisions"}],"predecessor-version":[{"id":3251,"href":"https:\/\/mennur.com.tr\/index.php\/wp-json\/wp\/v2\/product\/3250\/revisions\/3251"}],"wp:featuredmedia":[{"embeddable":true,"href":"https:\/\/mennur.com.tr\/index.php\/wp-json\/wp\/v2\/media\/3247"}],"wp:attachment":[{"href":"https:\/\/mennur.com.tr\/index.php\/wp-json\/wp\/v2\/media?parent=3250"}],"wp:term":[{"taxonomy":"product_cat","embeddable":true,"href":"https:\/\/mennur.com.tr\/index.php\/wp-json\/wp\/v2\/product_cat?post=3250"},{"taxonomy":"product_tag","embeddable":true,"href":"https:\/\/mennur.com.tr\/index.php\/wp-json\/wp\/v2\/product_tag?post=3250"}],"curies":[{"name":"wp","href":"https:\/\/api.w.org\/{rel}","templated":true}]}}