{"id":3252,"date":"2021-06-20T00:51:57","date_gmt":"2021-06-20T00:51:57","guid":{"rendered":"http:\/\/mennur.com.tr\/?post_type=product&#038;p=3252"},"modified":"2021-06-20T00:51:58","modified_gmt":"2021-06-20T00:51:58","slug":"nestle-sicak-cikolata-1kg","status":"publish","type":"product","link":"https:\/\/mennur.com.tr\/index.php\/urun\/nestle-sicak-cikolata-1kg\/","title":{"rendered":"Nestl\u00e9 S\u0131cak \u00c7ikolata 1kg"},"content":{"rendered":"","protected":false},"excerpt":{"rendered":"<p><strong>\u00dcr\u00fcn Ad\u0131:<\/strong> Nestl\u00e9 S\u0131cak \u00c7ikolata 1kg<\/p>\n<p><strong>Marka:<\/strong> NESTLE<\/p>\n<p><strong>Tan\u0131t\u0131m: <\/strong>\u00a0\u00c7ikolata verdi\u011fi mutluluk ve keyif dolu enerjiyle, y\u00fczlerce y\u0131ld\u0131r ruhsal bir antioksidan say\u0131l\u0131yor. Bu da t\u00fcm v\u00fccut sistemi \u00fczerinde etkisi olan \u00e7ikolataya tekrar a\u015f\u0131k olmak i\u00e7in \u00f6nemli bir neden. Nestl\u00e9 S\u0131cak \u00c7ikolata ise en g\u00fczel anlar\u0131 payla\u015fmak i\u00e7in s\u0131cac\u0131k bir i\u00e7ecek.<\/p>\n","protected":false},"featured_media":3253,"template":"","meta":[],"product_cat":[45,36],"product_tag":[],"class_list":["post-3252","product","type-product","status-publish","has-post-thumbnail","hentry","product_cat-kahve","product_cat-nestle"],"_links":{"self":[{"href":"https:\/\/mennur.com.tr\/index.php\/wp-json\/wp\/v2\/product\/3252","targetHints":{"allow":["GET"]}}],"collection":[{"href":"https:\/\/mennur.com.tr\/index.php\/wp-json\/wp\/v2\/product"}],"about":[{"href":"https:\/\/mennur.com.tr\/index.php\/wp-json\/wp\/v2\/types\/product"}],"version-history":[{"count":1,"href":"https:\/\/mennur.com.tr\/index.php\/wp-json\/wp\/v2\/product\/3252\/revisions"}],"predecessor-version":[{"id":3254,"href":"https:\/\/mennur.com.tr\/index.php\/wp-json\/wp\/v2\/product\/3252\/revisions\/3254"}],"wp:featuredmedia":[{"embeddable":true,"href":"https:\/\/mennur.com.tr\/index.php\/wp-json\/wp\/v2\/media\/3253"}],"wp:attachment":[{"href":"https:\/\/mennur.com.tr\/index.php\/wp-json\/wp\/v2\/media?parent=3252"}],"wp:term":[{"taxonomy":"product_cat","embeddable":true,"href":"https:\/\/mennur.com.tr\/index.php\/wp-json\/wp\/v2\/product_cat?post=3252"},{"taxonomy":"product_tag","embeddable":true,"href":"https:\/\/mennur.com.tr\/index.php\/wp-json\/wp\/v2\/product_tag?post=3252"}],"curies":[{"name":"wp","href":"https:\/\/api.w.org\/{rel}","templated":true}]}}