{"id":3259,"date":"2021-06-20T01:05:18","date_gmt":"2021-06-20T01:05:18","guid":{"rendered":"http:\/\/mennur.com.tr\/?post_type=product&#038;p=3259"},"modified":"2021-06-20T01:05:19","modified_gmt":"2021-06-20T01:05:19","slug":"gouda-peyniri","status":"publish","type":"product","link":"https:\/\/mennur.com.tr\/index.php\/urun\/gouda-peyniri\/","title":{"rendered":"Gouda Peyniri"},"content":{"rendered":"","protected":false},"excerpt":{"rendered":"<p>\u00dcr\u00fcn Ad\u0131: Gouda Peyniri<\/p>\n<p>Marka: FR\u0130CO<\/p>\n<p>Men\u015fei:\u00a0 Hollanda<\/p>\n<p>Paketleme: Teker ve Vakumlu Ambalaj<\/p>\n<p>Gramaj: Teker (4 kg ) halinde ve 300-400 gr vakumlu paketler \u015feklinde sat\u0131lmaktad\u0131r.<\/p>\n","protected":false},"featured_media":3260,"template":"","meta":[],"product_cat":[34],"product_tag":[],"class_list":["post-3259","product","type-product","status-publish","has-post-thumbnail","hentry","product_cat-peynir"],"_links":{"self":[{"href":"https:\/\/mennur.com.tr\/index.php\/wp-json\/wp\/v2\/product\/3259","targetHints":{"allow":["GET"]}}],"collection":[{"href":"https:\/\/mennur.com.tr\/index.php\/wp-json\/wp\/v2\/product"}],"about":[{"href":"https:\/\/mennur.com.tr\/index.php\/wp-json\/wp\/v2\/types\/product"}],"version-history":[{"count":1,"href":"https:\/\/mennur.com.tr\/index.php\/wp-json\/wp\/v2\/product\/3259\/revisions"}],"predecessor-version":[{"id":3261,"href":"https:\/\/mennur.com.tr\/index.php\/wp-json\/wp\/v2\/product\/3259\/revisions\/3261"}],"wp:featuredmedia":[{"embeddable":true,"href":"https:\/\/mennur.com.tr\/index.php\/wp-json\/wp\/v2\/media\/3260"}],"wp:attachment":[{"href":"https:\/\/mennur.com.tr\/index.php\/wp-json\/wp\/v2\/media?parent=3259"}],"wp:term":[{"taxonomy":"product_cat","embeddable":true,"href":"https:\/\/mennur.com.tr\/index.php\/wp-json\/wp\/v2\/product_cat?post=3259"},{"taxonomy":"product_tag","embeddable":true,"href":"https:\/\/mennur.com.tr\/index.php\/wp-json\/wp\/v2\/product_tag?post=3259"}],"curies":[{"name":"wp","href":"https:\/\/api.w.org\/{rel}","templated":true}]}}