{"id":3265,"date":"2021-06-20T01:09:26","date_gmt":"2021-06-20T01:09:26","guid":{"rendered":"http:\/\/mennur.com.tr\/?post_type=product&#038;p=3265"},"modified":"2026-03-26T10:53:01","modified_gmt":"2026-03-26T10:53:01","slug":"grana-padano","status":"publish","type":"product","link":"https:\/\/mennur.com.tr\/index.php\/urun\/grana-padano\/","title":{"rendered":"Grana Padano"},"content":{"rendered":"","protected":false},"excerpt":{"rendered":"<p>\u00dcr\u00fcn Ad\u0131: Grana Padano Peyniri<\/p>\n<p>Marka: Grana Padano<\/p>\n<p>Men\u015fei: \u0130talyan<\/p>\n<p>Paketleme: Teker, Blok<\/p>\n<p>Gramaj: Teker, 1.5 kg luk vakumlu blok \u015feklinde sat\u0131lmaktad\u0131r.<\/p>\n","protected":false},"featured_media":3266,"template":"","meta":[],"product_cat":[34],"product_tag":[],"class_list":["post-3265","product","type-product","status-publish","has-post-thumbnail","hentry","product_cat-peynir"],"_links":{"self":[{"href":"https:\/\/mennur.com.tr\/index.php\/wp-json\/wp\/v2\/product\/3265","targetHints":{"allow":["GET"]}}],"collection":[{"href":"https:\/\/mennur.com.tr\/index.php\/wp-json\/wp\/v2\/product"}],"about":[{"href":"https:\/\/mennur.com.tr\/index.php\/wp-json\/wp\/v2\/types\/product"}],"version-history":[{"count":3,"href":"https:\/\/mennur.com.tr\/index.php\/wp-json\/wp\/v2\/product\/3265\/revisions"}],"predecessor-version":[{"id":3603,"href":"https:\/\/mennur.com.tr\/index.php\/wp-json\/wp\/v2\/product\/3265\/revisions\/3603"}],"wp:featuredmedia":[{"embeddable":true,"href":"https:\/\/mennur.com.tr\/index.php\/wp-json\/wp\/v2\/media\/3266"}],"wp:attachment":[{"href":"https:\/\/mennur.com.tr\/index.php\/wp-json\/wp\/v2\/media?parent=3265"}],"wp:term":[{"taxonomy":"product_cat","embeddable":true,"href":"https:\/\/mennur.com.tr\/index.php\/wp-json\/wp\/v2\/product_cat?post=3265"},{"taxonomy":"product_tag","embeddable":true,"href":"https:\/\/mennur.com.tr\/index.php\/wp-json\/wp\/v2\/product_tag?post=3265"}],"curies":[{"name":"wp","href":"https:\/\/api.w.org\/{rel}","templated":true}]}}