{"id":3271,"date":"2021-06-20T01:12:20","date_gmt":"2021-06-20T01:12:20","guid":{"rendered":"http:\/\/mennur.com.tr\/?post_type=product&#038;p=3271"},"modified":"2021-06-20T01:12:21","modified_gmt":"2021-06-20T01:12:21","slug":"edam-peyniri","status":"publish","type":"product","link":"https:\/\/mennur.com.tr\/index.php\/urun\/edam-peyniri\/","title":{"rendered":"Edam Peyniri"},"content":{"rendered":"","protected":false},"excerpt":{"rendered":"<p>\u00dcr\u00fcn Ad\u0131: Edam Peyniri<\/p>\n<p>Marka: FR\u0130CO<\/p>\n<p>Men\u015fei: HOLLANDA<\/p>\n<p>Paketleme: Blok ve Vakumlu Paket<\/p>\n<p>Gramaj: \u00a02 kg Top halinde ve 300 gr l\u0131k vakumlu ambalajlarda sat\u0131lmaktad\u0131r.<\/p>\n","protected":false},"featured_media":3272,"template":"","meta":[],"product_cat":[34],"product_tag":[],"class_list":["post-3271","product","type-product","status-publish","has-post-thumbnail","hentry","product_cat-peynir"],"_links":{"self":[{"href":"https:\/\/mennur.com.tr\/index.php\/wp-json\/wp\/v2\/product\/3271","targetHints":{"allow":["GET"]}}],"collection":[{"href":"https:\/\/mennur.com.tr\/index.php\/wp-json\/wp\/v2\/product"}],"about":[{"href":"https:\/\/mennur.com.tr\/index.php\/wp-json\/wp\/v2\/types\/product"}],"version-history":[{"count":1,"href":"https:\/\/mennur.com.tr\/index.php\/wp-json\/wp\/v2\/product\/3271\/revisions"}],"predecessor-version":[{"id":3273,"href":"https:\/\/mennur.com.tr\/index.php\/wp-json\/wp\/v2\/product\/3271\/revisions\/3273"}],"wp:featuredmedia":[{"embeddable":true,"href":"https:\/\/mennur.com.tr\/index.php\/wp-json\/wp\/v2\/media\/3272"}],"wp:attachment":[{"href":"https:\/\/mennur.com.tr\/index.php\/wp-json\/wp\/v2\/media?parent=3271"}],"wp:term":[{"taxonomy":"product_cat","embeddable":true,"href":"https:\/\/mennur.com.tr\/index.php\/wp-json\/wp\/v2\/product_cat?post=3271"},{"taxonomy":"product_tag","embeddable":true,"href":"https:\/\/mennur.com.tr\/index.php\/wp-json\/wp\/v2\/product_tag?post=3271"}],"curies":[{"name":"wp","href":"https:\/\/api.w.org\/{rel}","templated":true}]}}