{"id":3277,"date":"2021-06-20T01:14:30","date_gmt":"2021-06-20T01:14:30","guid":{"rendered":"http:\/\/mennur.com.tr\/?post_type=product&#038;p=3277"},"modified":"2021-06-20T01:14:30","modified_gmt":"2021-06-20T01:14:30","slug":"burgu-peyniri","status":"publish","type":"product","link":"https:\/\/mennur.com.tr\/index.php\/urun\/burgu-peyniri\/","title":{"rendered":"Burgu Peyniri"},"content":{"rendered":"","protected":false},"excerpt":{"rendered":"<p>\u00dcr\u00fcn Ad\u0131: Burgu Peyniri<\/p>\n<p>Marka: Muratbey<\/p>\n<p>Paketleme: 1 Kg ve 4 Kg l\u0131k kase<\/p>\n<p>Gramaj:\u00a0 1 Kg ve 4 Kg l\u0131k kaselerde sat\u0131lmaktad\u0131r.<\/p>\n","protected":false},"featured_media":3278,"template":"","meta":[],"product_cat":[34],"product_tag":[],"class_list":["post-3277","product","type-product","status-publish","has-post-thumbnail","hentry","product_cat-peynir"],"_links":{"self":[{"href":"https:\/\/mennur.com.tr\/index.php\/wp-json\/wp\/v2\/product\/3277","targetHints":{"allow":["GET"]}}],"collection":[{"href":"https:\/\/mennur.com.tr\/index.php\/wp-json\/wp\/v2\/product"}],"about":[{"href":"https:\/\/mennur.com.tr\/index.php\/wp-json\/wp\/v2\/types\/product"}],"version-history":[{"count":1,"href":"https:\/\/mennur.com.tr\/index.php\/wp-json\/wp\/v2\/product\/3277\/revisions"}],"predecessor-version":[{"id":3279,"href":"https:\/\/mennur.com.tr\/index.php\/wp-json\/wp\/v2\/product\/3277\/revisions\/3279"}],"wp:featuredmedia":[{"embeddable":true,"href":"https:\/\/mennur.com.tr\/index.php\/wp-json\/wp\/v2\/media\/3278"}],"wp:attachment":[{"href":"https:\/\/mennur.com.tr\/index.php\/wp-json\/wp\/v2\/media?parent=3277"}],"wp:term":[{"taxonomy":"product_cat","embeddable":true,"href":"https:\/\/mennur.com.tr\/index.php\/wp-json\/wp\/v2\/product_cat?post=3277"},{"taxonomy":"product_tag","embeddable":true,"href":"https:\/\/mennur.com.tr\/index.php\/wp-json\/wp\/v2\/product_tag?post=3277"}],"curies":[{"name":"wp","href":"https:\/\/api.w.org\/{rel}","templated":true}]}}