{"id":3286,"date":"2021-06-20T01:17:41","date_gmt":"2021-06-20T01:17:41","guid":{"rendered":"http:\/\/mennur.com.tr\/?post_type=product&#038;p=3286"},"modified":"2021-06-20T01:17:42","modified_gmt":"2021-06-20T01:17:42","slug":"dilimli-cheddar-peyniri","status":"publish","type":"product","link":"https:\/\/mennur.com.tr\/index.php\/urun\/dilimli-cheddar-peyniri\/","title":{"rendered":"Dilimli Cheddar Peyniri"},"content":{"rendered":"","protected":false},"excerpt":{"rendered":"<p>\u00dcr\u00fcn Ad\u0131: Dilimli Cheddar Peyniri<\/p>\n<p>Marka: G\u00f6nova<\/p>\n<p>Paketleme: Dilimlenmi\u015f 1 kg l\u0131k Vakumlu Ambalajlarda.<\/p>\n<p>Gramaj:\u00a0 1 Kg l\u0131k vakumlu paketler\u00a0 halinde sat\u0131lmaktad\u0131r.<\/p>\n","protected":false},"featured_media":3287,"template":"","meta":[],"product_cat":[34],"product_tag":[],"class_list":["post-3286","product","type-product","status-publish","has-post-thumbnail","hentry","product_cat-peynir"],"_links":{"self":[{"href":"https:\/\/mennur.com.tr\/index.php\/wp-json\/wp\/v2\/product\/3286","targetHints":{"allow":["GET"]}}],"collection":[{"href":"https:\/\/mennur.com.tr\/index.php\/wp-json\/wp\/v2\/product"}],"about":[{"href":"https:\/\/mennur.com.tr\/index.php\/wp-json\/wp\/v2\/types\/product"}],"version-history":[{"count":1,"href":"https:\/\/mennur.com.tr\/index.php\/wp-json\/wp\/v2\/product\/3286\/revisions"}],"predecessor-version":[{"id":3288,"href":"https:\/\/mennur.com.tr\/index.php\/wp-json\/wp\/v2\/product\/3286\/revisions\/3288"}],"wp:featuredmedia":[{"embeddable":true,"href":"https:\/\/mennur.com.tr\/index.php\/wp-json\/wp\/v2\/media\/3287"}],"wp:attachment":[{"href":"https:\/\/mennur.com.tr\/index.php\/wp-json\/wp\/v2\/media?parent=3286"}],"wp:term":[{"taxonomy":"product_cat","embeddable":true,"href":"https:\/\/mennur.com.tr\/index.php\/wp-json\/wp\/v2\/product_cat?post=3286"},{"taxonomy":"product_tag","embeddable":true,"href":"https:\/\/mennur.com.tr\/index.php\/wp-json\/wp\/v2\/product_tag?post=3286"}],"curies":[{"name":"wp","href":"https:\/\/api.w.org\/{rel}","templated":true}]}}