{"id":3292,"date":"2021-06-20T01:19:03","date_gmt":"2021-06-20T01:19:03","guid":{"rendered":"http:\/\/mennur.com.tr\/?post_type=product&#038;p=3292"},"modified":"2021-06-20T01:19:03","modified_gmt":"2021-06-20T01:19:03","slug":"beyaz-tam-yagli-taze-peynir","status":"publish","type":"product","link":"https:\/\/mennur.com.tr\/index.php\/urun\/beyaz-tam-yagli-taze-peynir\/","title":{"rendered":"Beyaz Tam Ya\u011fl\u0131 Taze Peynir"},"content":{"rendered":"","protected":false},"excerpt":{"rendered":"<p>\u00dcr\u00fcn Ad\u0131: Beyaz Tam Ya\u011fl\u0131 Taze Peynir<\/p>\n<p>Marka: P\u0131nar<\/p>\n<p>Paketleme: 2750 gr<\/p>\n<p>Gramaj: 2750 gr l\u0131k Ambalajlar halinde sat\u0131lmaktad\u0131r.<\/p>\n","protected":false},"featured_media":3293,"template":"","meta":[],"product_cat":[34],"product_tag":[],"class_list":["post-3292","product","type-product","status-publish","has-post-thumbnail","hentry","product_cat-peynir"],"_links":{"self":[{"href":"https:\/\/mennur.com.tr\/index.php\/wp-json\/wp\/v2\/product\/3292","targetHints":{"allow":["GET"]}}],"collection":[{"href":"https:\/\/mennur.com.tr\/index.php\/wp-json\/wp\/v2\/product"}],"about":[{"href":"https:\/\/mennur.com.tr\/index.php\/wp-json\/wp\/v2\/types\/product"}],"version-history":[{"count":1,"href":"https:\/\/mennur.com.tr\/index.php\/wp-json\/wp\/v2\/product\/3292\/revisions"}],"predecessor-version":[{"id":3294,"href":"https:\/\/mennur.com.tr\/index.php\/wp-json\/wp\/v2\/product\/3292\/revisions\/3294"}],"wp:featuredmedia":[{"embeddable":true,"href":"https:\/\/mennur.com.tr\/index.php\/wp-json\/wp\/v2\/media\/3293"}],"wp:attachment":[{"href":"https:\/\/mennur.com.tr\/index.php\/wp-json\/wp\/v2\/media?parent=3292"}],"wp:term":[{"taxonomy":"product_cat","embeddable":true,"href":"https:\/\/mennur.com.tr\/index.php\/wp-json\/wp\/v2\/product_cat?post=3292"},{"taxonomy":"product_tag","embeddable":true,"href":"https:\/\/mennur.com.tr\/index.php\/wp-json\/wp\/v2\/product_tag?post=3292"}],"curies":[{"name":"wp","href":"https:\/\/api.w.org\/{rel}","templated":true}]}}