{"id":3298,"date":"2021-06-20T01:32:48","date_gmt":"2021-06-20T01:32:48","guid":{"rendered":"http:\/\/mennur.com.tr\/?post_type=product&#038;p=3298"},"modified":"2021-06-20T01:47:38","modified_gmt":"2021-06-20T01:47:38","slug":"super-iri-sinif-siyah-zeytin","status":"publish","type":"product","link":"https:\/\/mennur.com.tr\/index.php\/urun\/super-iri-sinif-siyah-zeytin\/","title":{"rendered":"S\u00fcper \u0130ri S\u0131n\u0131f Siyah Zeytin"},"content":{"rendered":"","protected":false},"excerpt":{"rendered":"<p>\u00dcr\u00fcn Ad\u0131: S\u00fcper \u0130ri S\u0131n\u0131f Siyah Zeytin<\/p>\n<p>Marka: Beyde<\/p>\n<p>Paketleme: 10 Kg Teneke<\/p>\n<p>Kalibre: 200-220 \/ Xl<\/p>\n","protected":false},"featured_media":3299,"template":"","meta":[],"product_cat":[35],"product_tag":[],"class_list":["post-3298","product","type-product","status-publish","has-post-thumbnail","hentry","product_cat-zeytin"],"_links":{"self":[{"href":"https:\/\/mennur.com.tr\/index.php\/wp-json\/wp\/v2\/product\/3298","targetHints":{"allow":["GET"]}}],"collection":[{"href":"https:\/\/mennur.com.tr\/index.php\/wp-json\/wp\/v2\/product"}],"about":[{"href":"https:\/\/mennur.com.tr\/index.php\/wp-json\/wp\/v2\/types\/product"}],"version-history":[{"count":1,"href":"https:\/\/mennur.com.tr\/index.php\/wp-json\/wp\/v2\/product\/3298\/revisions"}],"predecessor-version":[{"id":3300,"href":"https:\/\/mennur.com.tr\/index.php\/wp-json\/wp\/v2\/product\/3298\/revisions\/3300"}],"wp:featuredmedia":[{"embeddable":true,"href":"https:\/\/mennur.com.tr\/index.php\/wp-json\/wp\/v2\/media\/3299"}],"wp:attachment":[{"href":"https:\/\/mennur.com.tr\/index.php\/wp-json\/wp\/v2\/media?parent=3298"}],"wp:term":[{"taxonomy":"product_cat","embeddable":true,"href":"https:\/\/mennur.com.tr\/index.php\/wp-json\/wp\/v2\/product_cat?post=3298"},{"taxonomy":"product_tag","embeddable":true,"href":"https:\/\/mennur.com.tr\/index.php\/wp-json\/wp\/v2\/product_tag?post=3298"}],"curies":[{"name":"wp","href":"https:\/\/api.w.org\/{rel}","templated":true}]}}