{"id":3303,"date":"2021-06-20T01:34:30","date_gmt":"2021-06-20T01:34:30","guid":{"rendered":"http:\/\/mennur.com.tr\/?post_type=product&#038;p=3303"},"modified":"2021-06-20T01:34:31","modified_gmt":"2021-06-20T01:34:31","slug":"a-sinif-siyah-zeytin","status":"publish","type":"product","link":"https:\/\/mennur.com.tr\/index.php\/urun\/a-sinif-siyah-zeytin\/","title":{"rendered":"A S\u0131n\u0131f Siyah Zeytin"},"content":{"rendered":"","protected":false},"excerpt":{"rendered":"<p>\u00dcr\u00fcn Ad\u0131: A S\u0131n\u0131f Siyah Zeytin<\/p>\n<p>Marka: Beyde<\/p>\n<p>Paketleme: 10 Kg Teneke<\/p>\n<p>Kalibre: 260-290 \/ M<\/p>\n<p>&nbsp;<\/p>\n","protected":false},"featured_media":3299,"template":"","meta":[],"product_cat":[35],"product_tag":[],"class_list":["post-3303","product","type-product","status-publish","has-post-thumbnail","hentry","product_cat-zeytin"],"_links":{"self":[{"href":"https:\/\/mennur.com.tr\/index.php\/wp-json\/wp\/v2\/product\/3303","targetHints":{"allow":["GET"]}}],"collection":[{"href":"https:\/\/mennur.com.tr\/index.php\/wp-json\/wp\/v2\/product"}],"about":[{"href":"https:\/\/mennur.com.tr\/index.php\/wp-json\/wp\/v2\/types\/product"}],"version-history":[{"count":1,"href":"https:\/\/mennur.com.tr\/index.php\/wp-json\/wp\/v2\/product\/3303\/revisions"}],"predecessor-version":[{"id":3304,"href":"https:\/\/mennur.com.tr\/index.php\/wp-json\/wp\/v2\/product\/3303\/revisions\/3304"}],"wp:featuredmedia":[{"embeddable":true,"href":"https:\/\/mennur.com.tr\/index.php\/wp-json\/wp\/v2\/media\/3299"}],"wp:attachment":[{"href":"https:\/\/mennur.com.tr\/index.php\/wp-json\/wp\/v2\/media?parent=3303"}],"wp:term":[{"taxonomy":"product_cat","embeddable":true,"href":"https:\/\/mennur.com.tr\/index.php\/wp-json\/wp\/v2\/product_cat?post=3303"},{"taxonomy":"product_tag","embeddable":true,"href":"https:\/\/mennur.com.tr\/index.php\/wp-json\/wp\/v2\/product_tag?post=3303"}],"curies":[{"name":"wp","href":"https:\/\/api.w.org\/{rel}","templated":true}]}}