{"id":3307,"date":"2021-06-20T01:36:19","date_gmt":"2021-06-20T01:36:19","guid":{"rendered":"http:\/\/mennur.com.tr\/?post_type=product&#038;p=3307"},"modified":"2021-06-20T01:36:19","modified_gmt":"2021-06-20T01:36:19","slug":"c-sinif-siyah-zeytin","status":"publish","type":"product","link":"https:\/\/mennur.com.tr\/index.php\/urun\/c-sinif-siyah-zeytin\/","title":{"rendered":"C S\u0131n\u0131f Siyah Zeytin"},"content":{"rendered":"","protected":false},"excerpt":{"rendered":"<p>\u00dcr\u00fcn Ad\u0131: C S\u0131n\u0131f Siyah Zeytin<\/p>\n<p>Marka: Beyde<\/p>\n<p>Paketleme: 10 Kg Teneke<\/p>\n<p>Kalibre: 350-380 \/ Xs<\/p>\n<p>&nbsp;<\/p>\n","protected":false},"featured_media":3299,"template":"","meta":[],"product_cat":[35],"product_tag":[],"class_list":["post-3307","product","type-product","status-publish","has-post-thumbnail","hentry","product_cat-zeytin"],"_links":{"self":[{"href":"https:\/\/mennur.com.tr\/index.php\/wp-json\/wp\/v2\/product\/3307","targetHints":{"allow":["GET"]}}],"collection":[{"href":"https:\/\/mennur.com.tr\/index.php\/wp-json\/wp\/v2\/product"}],"about":[{"href":"https:\/\/mennur.com.tr\/index.php\/wp-json\/wp\/v2\/types\/product"}],"version-history":[{"count":1,"href":"https:\/\/mennur.com.tr\/index.php\/wp-json\/wp\/v2\/product\/3307\/revisions"}],"predecessor-version":[{"id":3308,"href":"https:\/\/mennur.com.tr\/index.php\/wp-json\/wp\/v2\/product\/3307\/revisions\/3308"}],"wp:featuredmedia":[{"embeddable":true,"href":"https:\/\/mennur.com.tr\/index.php\/wp-json\/wp\/v2\/media\/3299"}],"wp:attachment":[{"href":"https:\/\/mennur.com.tr\/index.php\/wp-json\/wp\/v2\/media?parent=3307"}],"wp:term":[{"taxonomy":"product_cat","embeddable":true,"href":"https:\/\/mennur.com.tr\/index.php\/wp-json\/wp\/v2\/product_cat?post=3307"},{"taxonomy":"product_tag","embeddable":true,"href":"https:\/\/mennur.com.tr\/index.php\/wp-json\/wp\/v2\/product_tag?post=3307"}],"curies":[{"name":"wp","href":"https:\/\/api.w.org\/{rel}","templated":true}]}}